{"id":16799,"date":"2018-09-12T10:00:30","date_gmt":"2019-12-20T10:00:30","guid":{"rendered":"https:\/\/gifted-nightingale.82-223-11-116.plesk.page\/?post_type=product&#038;p=16799"},"modified":"2023-11-13T09:09:47","modified_gmt":"2023-11-13T08:09:47","slug":"mesa-gran-roma-55","status":"publish","type":"product","link":"https:\/\/reyma-mobiliario.com\/fr\/productos\/mesa-gran-roma-55\/","title":{"rendered":"Table Gran Roma 55 9800"},"content":{"rendered":"<p>Table en aluminium con\u00e7ue pour une utilisation en ext\u00e9rieur ou en int\u00e9rieur. Design rond et base large.<\/p>\n","protected":false},"excerpt":{"rendered":"<p><strong>Hauteur\u00a0:<\/strong> 75\u00a0cm<\/p>\n<p><strong>Mat\u00e9riaux<\/strong>\u00a0:<br \/>\nPied en aluminium et aluminium peint en noir.<br \/>\nSocle rond \u00d8 55cm<\/p>\n<p>Lames : Werzalit, Compact et M\u00e9lamine*.<\/p>\n<p>*M\u00e9lamine solo per l&rsquo;interieur.<\/p>\n<p><strong>Mesures de la planche\u00a0:<\/strong><br \/>\n80\u00d8 et 80&#215;80<\/p>\n","protected":false},"featured_media":23203,"template":"","meta":[],"product_brand":[],"product_cat":[1106,1114,1110,1119],"product_tag":[1144,1151,1168,1313,1166],"class_list":{"0":"post-16799","1":"product","2":"type-product","3":"status-publish","4":"has-post-thumbnail","6":"product_cat-exterieur","7":"product_cat-interieur","8":"product_cat-tables-dexterieur","9":"product_cat-tables-dinterieur","10":"product_tag-aluminium","11":"product_tag-base-ronde","12":"product_tag-mobilier-dexterieur","13":"product_tag-serie-roma-fr","14":"product_tag-tables-fr","16":"first","17":"instock","18":"shipping-taxable","19":"product-type-simple"},"aioseo_notices":[],"_links":{"self":[{"href":"https:\/\/reyma-mobiliario.com\/fr\/wp-json\/wp\/v2\/product\/16799","targetHints":{"allow":["GET"]}}],"collection":[{"href":"https:\/\/reyma-mobiliario.com\/fr\/wp-json\/wp\/v2\/product"}],"about":[{"href":"https:\/\/reyma-mobiliario.com\/fr\/wp-json\/wp\/v2\/types\/product"}],"wp:featuredmedia":[{"embeddable":true,"href":"https:\/\/reyma-mobiliario.com\/fr\/wp-json\/wp\/v2\/media\/23203"}],"wp:attachment":[{"href":"https:\/\/reyma-mobiliario.com\/fr\/wp-json\/wp\/v2\/media?parent=16799"}],"wp:term":[{"taxonomy":"product_brand","embeddable":true,"href":"https:\/\/reyma-mobiliario.com\/fr\/wp-json\/wp\/v2\/product_brand?post=16799"},{"taxonomy":"product_cat","embeddable":true,"href":"https:\/\/reyma-mobiliario.com\/fr\/wp-json\/wp\/v2\/product_cat?post=16799"},{"taxonomy":"product_tag","embeddable":true,"href":"https:\/\/reyma-mobiliario.com\/fr\/wp-json\/wp\/v2\/product_tag?post=16799"}],"curies":[{"name":"wp","href":"https:\/\/api.w.org\/{rel}","templated":true}]}}