{"id":16871,"date":"2017-07-07T10:00:55","date_gmt":"2017-10-05T08:00:55","guid":{"rendered":"https:\/\/gifted-nightingale.82-223-11-116.plesk.page\/?post_type=product&#038;p=16871"},"modified":"2025-04-15T09:57:40","modified_gmt":"2025-04-15T07:57:40","slug":"sillon-eros-medula","status":"publish","type":"product","link":"https:\/\/reyma-mobiliario.com\/fr\/productos\/sillon-eros-medula\/","title":{"rendered":"Fauteuil Eros Osier"},"content":{"rendered":"<p>Le fauteuil eros est l&rsquo;un des plus polyvalents de Reyma Mobiliario. Il s&rsquo;agit de sa version avec assise et dossier en osier. Il convient aussi bien \u00e0 l&rsquo;int\u00e9rieur qu&rsquo;\u00e0 l&rsquo;ext\u00e9rieur.<\/p>\n","protected":false},"excerpt":{"rendered":"<p><strong> Poids: <\/strong> 4,45 kg<\/p>\n<p><strong> Mat\u00e9riaux <\/strong>:<br \/>\nStructure en aluminium peint graphite.<\/p>\n<p>Assise et dossier:<br \/>\nosier moka ou atlas.<\/p>\n<p><strong> Dimensions <\/strong>:<\/p>\n<p><img loading=\"lazy\" decoding=\"async\" class=\"alignnone size-full wp-image-11924\" src=\"https:\/\/reyma-mobiliario.com\/wp-content\/uploads\/2025\/04\/2025-eros-sillon.jpg\" alt=\"Dimensions fauteuil Eros REYMA\" width=\"120\" height=\"120\" \/><\/p>\n","protected":false},"featured_media":28524,"template":"","meta":[],"product_brand":[],"product_cat":[1106,1112],"product_tag":[1144,1362,1168,1172,1170,1234],"class_list":{"0":"post-16871","1":"product","2":"type-product","3":"status-publish","4":"has-post-thumbnail","6":"product_cat-exterieur","7":"product_cat-fauteuils-dexterieur","8":"product_tag-aluminium","9":"product_tag-fauteuil","10":"product_tag-mobilier-dexterieur","11":"product_tag-nouvelles-2017","12":"product_tag-osier","13":"product_tag-serie-eros-fr","15":"first","16":"instock","17":"shipping-taxable","18":"purchasable","19":"product-type-variable"},"aioseo_notices":[],"_links":{"self":[{"href":"https:\/\/reyma-mobiliario.com\/fr\/wp-json\/wp\/v2\/product\/16871","targetHints":{"allow":["GET"]}}],"collection":[{"href":"https:\/\/reyma-mobiliario.com\/fr\/wp-json\/wp\/v2\/product"}],"about":[{"href":"https:\/\/reyma-mobiliario.com\/fr\/wp-json\/wp\/v2\/types\/product"}],"wp:featuredmedia":[{"embeddable":true,"href":"https:\/\/reyma-mobiliario.com\/fr\/wp-json\/wp\/v2\/media\/28524"}],"wp:attachment":[{"href":"https:\/\/reyma-mobiliario.com\/fr\/wp-json\/wp\/v2\/media?parent=16871"}],"wp:term":[{"taxonomy":"product_brand","embeddable":true,"href":"https:\/\/reyma-mobiliario.com\/fr\/wp-json\/wp\/v2\/product_brand?post=16871"},{"taxonomy":"product_cat","embeddable":true,"href":"https:\/\/reyma-mobiliario.com\/fr\/wp-json\/wp\/v2\/product_cat?post=16871"},{"taxonomy":"product_tag","embeddable":true,"href":"https:\/\/reyma-mobiliario.com\/fr\/wp-json\/wp\/v2\/product_tag?post=16871"}],"curies":[{"name":"wp","href":"https:\/\/api.w.org\/{rel}","templated":true}]}}