{"id":16969,"date":"2024-01-07T10:00:24","date_gmt":"2020-05-28T09:21:48","guid":{"rendered":"https:\/\/gifted-nightingale.82-223-11-116.plesk.page\/?post_type=product&#038;p=16969"},"modified":"2024-02-28T18:01:47","modified_gmt":"2024-02-28T17:01:47","slug":"ensemble-baltimore-dakota","status":"publish","type":"product","link":"https:\/\/reyma-mobiliario.com\/fr\/productos\/ensemble-baltimore-dakota\/","title":{"rendered":"Ensemble Baltimore-Dakota"},"content":{"rendered":"<p>Ensemble de tabourets baltimore et dakota qui accompagnent une table michigan de 110 cm de haut. Cet ensemble est id\u00e9al pour une utilisation en int\u00e9rieur et peut \u00eatre configur\u00e9 en diff\u00e9rentes couleurs.<\/p>\n","protected":false},"excerpt":{"rendered":"<p>Banc Baltimore en acier peint en noir avec assise en bois massif.<\/p>\n<p>Table haute Michigan en acier avec banc Dakota en m\u00e9lamin\u00e9 ch\u00eane hera en acier peint en noir avec assise en bois massif<\/p>\n","protected":false},"featured_media":16974,"template":"","meta":[],"product_brand":[],"product_cat":[1103,1105],"product_tag":[1197,1228,1280,1166,1147],"class_list":{"0":"post-16969","1":"product","2":"type-product","3":"status-publish","4":"has-post-thumbnail","6":"product_cat-ensembles","7":"product_cat-ensembles-dinterieur","8":"product_tag-serie-baltimore-fr","9":"product_tag-serie-dakota-fr","10":"product_tag-serie-michigan-fr","11":"product_tag-tables-fr","12":"product_tag-tabourets","14":"first","15":"instock","16":"shipping-taxable","17":"product-type-simple"},"aioseo_notices":[],"_links":{"self":[{"href":"https:\/\/reyma-mobiliario.com\/fr\/wp-json\/wp\/v2\/product\/16969","targetHints":{"allow":["GET"]}}],"collection":[{"href":"https:\/\/reyma-mobiliario.com\/fr\/wp-json\/wp\/v2\/product"}],"about":[{"href":"https:\/\/reyma-mobiliario.com\/fr\/wp-json\/wp\/v2\/types\/product"}],"wp:featuredmedia":[{"embeddable":true,"href":"https:\/\/reyma-mobiliario.com\/fr\/wp-json\/wp\/v2\/media\/16974"}],"wp:attachment":[{"href":"https:\/\/reyma-mobiliario.com\/fr\/wp-json\/wp\/v2\/media?parent=16969"}],"wp:term":[{"taxonomy":"product_brand","embeddable":true,"href":"https:\/\/reyma-mobiliario.com\/fr\/wp-json\/wp\/v2\/product_brand?post=16969"},{"taxonomy":"product_cat","embeddable":true,"href":"https:\/\/reyma-mobiliario.com\/fr\/wp-json\/wp\/v2\/product_cat?post=16969"},{"taxonomy":"product_tag","embeddable":true,"href":"https:\/\/reyma-mobiliario.com\/fr\/wp-json\/wp\/v2\/product_tag?post=16969"}],"curies":[{"name":"wp","href":"https:\/\/api.w.org\/{rel}","templated":true}]}}