{"id":16976,"date":"2018-12-22T10:00:26","date_gmt":"2020-05-28T09:48:13","guid":{"rendered":"https:\/\/gifted-nightingale.82-223-11-116.plesk.page\/?post_type=product&#038;p=16976"},"modified":"2020-05-28T11:48:14","modified_gmt":"2020-05-28T09:48:14","slug":"ensemble-orlando-sanghai-v","status":"publish","type":"product","link":"https:\/\/reyma-mobiliario.com\/fr\/productos\/ensemble-orlando-sanghai-v\/","title":{"rendered":"Ensemble orlando-sanghai-v"},"content":{"rendered":"<p>Ensemble compos\u00e9 d&rsquo;une table sanghai-v \u00e0 deux pieds avec un plateau 200&#215;90 en m\u00e9lamine. L&rsquo;ensemble est compl\u00e9t\u00e9 par plusieurs chaises orlando de diff\u00e9rentes couleurs montrant la vari\u00e9t\u00e9 de couleurs des structures et montrant qu&rsquo;il est \u00e9galement possible de combiner diff\u00e9rentes couleurs de chaises, obtenant une finition diff\u00e9rente.<\/p>\n","protected":false},"excerpt":{"rendered":"<p>Chaises en acier peint Orlandode avec si\u00e8ges rembourr\u00e9s.<\/p>\n<p>Table Sanghai-V avec base en acier et plateau rectangulaire en m\u00e9lamin\u00e9.<\/p>\n","protected":false},"featured_media":16977,"template":"","meta":[],"product_brand":[],"product_cat":[1103,1105],"product_tag":[1142,1347,1292,1318],"class_list":{"0":"post-16976","1":"product","2":"type-product","3":"status-publish","4":"has-post-thumbnail","6":"product_cat-ensembles","7":"product_cat-ensembles-dinterieur","8":"product_tag-acier","9":"product_tag-chaises","10":"product_tag-serie-orlando-fr","11":"product_tag-serie-sanghai-fr","13":"first","14":"instock","15":"shipping-taxable","16":"product-type-simple"},"aioseo_notices":[],"_links":{"self":[{"href":"https:\/\/reyma-mobiliario.com\/fr\/wp-json\/wp\/v2\/product\/16976","targetHints":{"allow":["GET"]}}],"collection":[{"href":"https:\/\/reyma-mobiliario.com\/fr\/wp-json\/wp\/v2\/product"}],"about":[{"href":"https:\/\/reyma-mobiliario.com\/fr\/wp-json\/wp\/v2\/types\/product"}],"wp:featuredmedia":[{"embeddable":true,"href":"https:\/\/reyma-mobiliario.com\/fr\/wp-json\/wp\/v2\/media\/16977"}],"wp:attachment":[{"href":"https:\/\/reyma-mobiliario.com\/fr\/wp-json\/wp\/v2\/media?parent=16976"}],"wp:term":[{"taxonomy":"product_brand","embeddable":true,"href":"https:\/\/reyma-mobiliario.com\/fr\/wp-json\/wp\/v2\/product_brand?post=16976"},{"taxonomy":"product_cat","embeddable":true,"href":"https:\/\/reyma-mobiliario.com\/fr\/wp-json\/wp\/v2\/product_cat?post=16976"},{"taxonomy":"product_tag","embeddable":true,"href":"https:\/\/reyma-mobiliario.com\/fr\/wp-json\/wp\/v2\/product_tag?post=16976"}],"curies":[{"name":"wp","href":"https:\/\/api.w.org\/{rel}","templated":true}]}}