{"id":16979,"date":"2018-12-21T10:00:26","date_gmt":"2020-05-28T09:49:21","guid":{"rendered":"https:\/\/gifted-nightingale.82-223-11-116.plesk.page\/?post_type=product&#038;p=16979"},"modified":"2020-05-28T11:49:44","modified_gmt":"2020-05-28T09:49:44","slug":"ensemble-baltimore-sanghai-v","status":"publish","type":"product","link":"https:\/\/reyma-mobiliario.com\/fr\/productos\/ensemble-baltimore-sanghai-v\/","title":{"rendered":"Ensemble baltimore-sanghai-v"},"content":{"rendered":"<p>Ensemble cr\u00e9\u00e9 pour une utilisation int\u00e9rieure et compos\u00e9 de chaises de baltimore de diff\u00e9rentes couleurs qui accompagnent et compl\u00e8tent une table \u00e0 deux pieds et un plateau en m\u00e9lamine.<\/p>\n","protected":false},"excerpt":{"rendered":"<p>Chaises en acier peint Baltimore avec si\u00e8ges rembourr\u00e9s.<\/p>\n<p>Table Sanghai-V avec base en acier et plateau rectangulaire en m\u00e9lamin\u00e9.<\/p>\n","protected":false},"featured_media":16980,"template":"","meta":[],"product_brand":[],"product_cat":[1103,1105],"product_tag":[1142,1347,1197,1318],"class_list":{"0":"post-16979","1":"product","2":"type-product","3":"status-publish","4":"has-post-thumbnail","6":"product_cat-ensembles","7":"product_cat-ensembles-dinterieur","8":"product_tag-acier","9":"product_tag-chaises","10":"product_tag-serie-baltimore-fr","11":"product_tag-serie-sanghai-fr","13":"first","14":"instock","15":"shipping-taxable","16":"product-type-simple"},"aioseo_notices":[],"_links":{"self":[{"href":"https:\/\/reyma-mobiliario.com\/fr\/wp-json\/wp\/v2\/product\/16979","targetHints":{"allow":["GET"]}}],"collection":[{"href":"https:\/\/reyma-mobiliario.com\/fr\/wp-json\/wp\/v2\/product"}],"about":[{"href":"https:\/\/reyma-mobiliario.com\/fr\/wp-json\/wp\/v2\/types\/product"}],"wp:featuredmedia":[{"embeddable":true,"href":"https:\/\/reyma-mobiliario.com\/fr\/wp-json\/wp\/v2\/media\/16980"}],"wp:attachment":[{"href":"https:\/\/reyma-mobiliario.com\/fr\/wp-json\/wp\/v2\/media?parent=16979"}],"wp:term":[{"taxonomy":"product_brand","embeddable":true,"href":"https:\/\/reyma-mobiliario.com\/fr\/wp-json\/wp\/v2\/product_brand?post=16979"},{"taxonomy":"product_cat","embeddable":true,"href":"https:\/\/reyma-mobiliario.com\/fr\/wp-json\/wp\/v2\/product_cat?post=16979"},{"taxonomy":"product_tag","embeddable":true,"href":"https:\/\/reyma-mobiliario.com\/fr\/wp-json\/wp\/v2\/product_tag?post=16979"}],"curies":[{"name":"wp","href":"https:\/\/api.w.org\/{rel}","templated":true}]}}