{"id":16985,"date":"2017-09-19T13:49:32","date_gmt":"2020-05-28T09:56:02","guid":{"rendered":"https:\/\/gifted-nightingale.82-223-11-116.plesk.page\/?post_type=product&#038;p=16985"},"modified":"2020-05-28T11:56:03","modified_gmt":"2020-05-28T09:56:03","slug":"table-paris-haute-sicilia","status":"publish","type":"product","link":"https:\/\/reyma-mobiliario.com\/fr\/productos\/table-paris-haute-sicilia\/","title":{"rendered":"Table Par\u00eds Haute Sicilia"},"content":{"rendered":"<p>Table haute en fonte. Id\u00e9al pour une utilisation int\u00e9rieure et des terrasses couvertes. Il pr\u00e9sente la nouvelle finition sicilienne en marbre gris.<\/p>\n","protected":false},"excerpt":{"rendered":"<p><strong> Hauteur: <\/strong> 110 cm <\/p>\n<p><strong> Mat\u00e9riaux <\/strong>:<br \/>\nPied en fonte * Convient aux terrasses couvertes et conditionn\u00e9es, pas \u00e0 l&rsquo;ext\u00e9rieur.<br \/>\nSeul plateau fini Sicile <\/p>\n<p><strong> Dimensions du plateaux: <\/strong> 60&#215;60, 70&#215;70<\/p>\n","protected":false},"featured_media":16986,"template":"","meta":[],"product_brand":[],"product_cat":[1132],"product_tag":[1173,1299,1166],"class_list":{"0":"post-16985","1":"product","2":"type-product","3":"status-publish","4":"has-post-thumbnail","6":"product_cat-non-classe","7":"product_tag-nouvelles-2019","8":"product_tag-serie-paris-fr","9":"product_tag-tables-fr","11":"first","12":"instock","13":"shipping-taxable","14":"product-type-simple"},"aioseo_notices":[],"_links":{"self":[{"href":"https:\/\/reyma-mobiliario.com\/fr\/wp-json\/wp\/v2\/product\/16985","targetHints":{"allow":["GET"]}}],"collection":[{"href":"https:\/\/reyma-mobiliario.com\/fr\/wp-json\/wp\/v2\/product"}],"about":[{"href":"https:\/\/reyma-mobiliario.com\/fr\/wp-json\/wp\/v2\/types\/product"}],"wp:featuredmedia":[{"embeddable":true,"href":"https:\/\/reyma-mobiliario.com\/fr\/wp-json\/wp\/v2\/media\/16986"}],"wp:attachment":[{"href":"https:\/\/reyma-mobiliario.com\/fr\/wp-json\/wp\/v2\/media?parent=16985"}],"wp:term":[{"taxonomy":"product_brand","embeddable":true,"href":"https:\/\/reyma-mobiliario.com\/fr\/wp-json\/wp\/v2\/product_brand?post=16985"},{"taxonomy":"product_cat","embeddable":true,"href":"https:\/\/reyma-mobiliario.com\/fr\/wp-json\/wp\/v2\/product_cat?post=16985"},{"taxonomy":"product_tag","embeddable":true,"href":"https:\/\/reyma-mobiliario.com\/fr\/wp-json\/wp\/v2\/product_tag?post=16985"}],"curies":[{"name":"wp","href":"https:\/\/api.w.org\/{rel}","templated":true}]}}