{"id":17059,"date":"2020-03-05T10:00:54","date_gmt":"2020-03-05T09:00:54","guid":{"rendered":"https:\/\/gifted-nightingale.82-223-11-116.plesk.page\/?post_type=product&#038;p=17059"},"modified":"2026-03-04T14:45:09","modified_gmt":"2026-03-04T13:45:09","slug":"chaise-de-bar-america","status":"publish","type":"product","link":"https:\/\/reyma-mobiliario.com\/fr\/productos\/chaise-de-bar-america\/","title":{"rendered":"Chaise de bar Am\u00e9rica"},"content":{"rendered":"<p>chaise-de-bar avec structure en acier peint disponible en trois couleurs diff\u00e9rentes. Con\u00e7u pour un usage int\u00e9rieur, il peut \u00eatre configur\u00e9 avec un si\u00e8ge en bois ou rembourr\u00e9, son dossier \u00e0 lattes horizontales lui donne une touche personnelle.<\/p>\n","protected":false},"excerpt":{"rendered":"<p><strong> Poids <\/strong>:<br \/>\nAvec assise rembourr\u00e9e: 8,25 kg<br \/>\nAvec assise en bois lamell\u00e9: 7,85 kg<br \/>\navec assise en bois massif: 7,90 kg<\/p>\n<p><strong> Mat\u00e9riaux <\/strong>:<br \/>\nAssise: bois massif, bois lamell\u00e9, <a href=\"https:\/\/reyma-mobiliario.com\/fr\/categorie-produit\/finitions\/tapisse\/\" target=\"_blank\" rel=\"noopener\">rembourr\u00e9 P.U. ou FABRIC<\/a><br \/>\nCadre en acier soudure en laiton ou peint: graphite, bois weng\u00e9 d\u00e9co, gris vieilli avec soudure en laiton<\/p>\n<p><strong> Dimensions <\/strong>:<\/p>\n<p><img loading=\"lazy\" decoding=\"async\" class=\"alignnone size-full wp-image-11924\" src=\"https:\/\/reyma-mobiliario.com\/wp-content\/uploads\/2025\/03\/2025-america-banqueta.jpg\" alt=\"Dimensions tabouret Am\u00e9rica REYMA\" width=\"120\" height=\"120\" \/><\/p>\n","protected":false},"featured_media":33271,"template":"","meta":[],"product_brand":[],"product_cat":[1116,2146],"product_tag":[1142,1169,1187,1147],"class_list":{"0":"post-17059","1":"product","2":"type-product","3":"status-publish","4":"has-post-thumbnail","6":"product_cat-tabouret-dinterieur","7":"product_cat-tabouret-en-metal","8":"product_tag-acier","9":"product_tag-mobilier-interieur","10":"product_tag-serie-america-fr","11":"product_tag-tabourets","13":"first","14":"instock","15":"shipping-taxable","16":"purchasable","17":"product-type-variable"},"aioseo_notices":[],"_links":{"self":[{"href":"https:\/\/reyma-mobiliario.com\/fr\/wp-json\/wp\/v2\/product\/17059","targetHints":{"allow":["GET"]}}],"collection":[{"href":"https:\/\/reyma-mobiliario.com\/fr\/wp-json\/wp\/v2\/product"}],"about":[{"href":"https:\/\/reyma-mobiliario.com\/fr\/wp-json\/wp\/v2\/types\/product"}],"wp:featuredmedia":[{"embeddable":true,"href":"https:\/\/reyma-mobiliario.com\/fr\/wp-json\/wp\/v2\/media\/33271"}],"wp:attachment":[{"href":"https:\/\/reyma-mobiliario.com\/fr\/wp-json\/wp\/v2\/media?parent=17059"}],"wp:term":[{"taxonomy":"product_brand","embeddable":true,"href":"https:\/\/reyma-mobiliario.com\/fr\/wp-json\/wp\/v2\/product_brand?post=17059"},{"taxonomy":"product_cat","embeddable":true,"href":"https:\/\/reyma-mobiliario.com\/fr\/wp-json\/wp\/v2\/product_cat?post=17059"},{"taxonomy":"product_tag","embeddable":true,"href":"https:\/\/reyma-mobiliario.com\/fr\/wp-json\/wp\/v2\/product_tag?post=17059"}],"curies":[{"name":"wp","href":"https:\/\/api.w.org\/{rel}","templated":true}]}}