{"id":17214,"date":"2018-11-23T10:00:52","date_gmt":"2020-08-31T16:37:21","guid":{"rendered":"https:\/\/gifted-nightingale.82-223-11-116.plesk.page\/?post_type=product&#038;p=17214"},"modified":"2020-08-31T18:37:22","modified_gmt":"2020-08-31T16:37:22","slug":"ensemble-columbia-monet","status":"publish","type":"product","link":"https:\/\/reyma-mobiliario.com\/fr\/productos\/ensemble-columbia-monet\/","title":{"rendered":"Ensemble Columbia-Monet"},"content":{"rendered":"<p>Ensemble de table columbia avec chaises monet<\/p>\n","protected":false},"excerpt":{"rendered":"<p>Table en acier Columbia avec plateau rond en m\u00e9lamin\u00e9.<\/p>\n<p>Chaise Monet en bambou d\u00e9co en aluminium peint avec assise rembourr\u00e9e.<\/p>\n<p>Chaise Monet en bambou d\u00e9co en aluminium peint avec assise en stratifi\u00e9 ch\u00eane vintage.<\/p>\n","protected":false},"featured_media":17212,"template":"","meta":[],"product_brand":[],"product_cat":[1103,1105],"product_tag":[1224,1272],"class_list":{"0":"post-17214","1":"product","2":"type-product","3":"status-publish","4":"has-post-thumbnail","6":"product_cat-ensembles","7":"product_cat-ensembles-dinterieur","8":"product_tag-serie-columbia-fr","9":"product_tag-serie-monet-fr","11":"first","12":"instock","13":"shipping-taxable","14":"product-type-simple"},"aioseo_notices":[],"_links":{"self":[{"href":"https:\/\/reyma-mobiliario.com\/fr\/wp-json\/wp\/v2\/product\/17214","targetHints":{"allow":["GET"]}}],"collection":[{"href":"https:\/\/reyma-mobiliario.com\/fr\/wp-json\/wp\/v2\/product"}],"about":[{"href":"https:\/\/reyma-mobiliario.com\/fr\/wp-json\/wp\/v2\/types\/product"}],"wp:featuredmedia":[{"embeddable":true,"href":"https:\/\/reyma-mobiliario.com\/fr\/wp-json\/wp\/v2\/media\/17212"}],"wp:attachment":[{"href":"https:\/\/reyma-mobiliario.com\/fr\/wp-json\/wp\/v2\/media?parent=17214"}],"wp:term":[{"taxonomy":"product_brand","embeddable":true,"href":"https:\/\/reyma-mobiliario.com\/fr\/wp-json\/wp\/v2\/product_brand?post=17214"},{"taxonomy":"product_cat","embeddable":true,"href":"https:\/\/reyma-mobiliario.com\/fr\/wp-json\/wp\/v2\/product_cat?post=17214"},{"taxonomy":"product_tag","embeddable":true,"href":"https:\/\/reyma-mobiliario.com\/fr\/wp-json\/wp\/v2\/product_tag?post=17214"}],"curies":[{"name":"wp","href":"https:\/\/api.w.org\/{rel}","templated":true}]}}