{"id":17936,"date":"2023-02-15T00:00:53","date_gmt":"2021-01-19T18:13:53","guid":{"rendered":"https:\/\/gifted-nightingale.82-223-11-116.plesk.page\/?post_type=product&#038;p=17936"},"modified":"2023-03-23T13:06:19","modified_gmt":"2023-03-23T12:06:19","slug":"melamina-ebano","status":"publish","type":"product","link":"https:\/\/reyma-mobiliario.com\/fr\/productos\/melamina-ebano\/","title":{"rendered":"M\u00e9lamine EGGER: \u00c9b\u00e8ne"},"content":{"rendered":"<p>&nbsp;<\/p>\n<div><\/div>\n","protected":false},"excerpt":{"rendered":"<p><strong> Fabricant: <\/strong> EGGER<\/p>\n<p>M\u00e9lamine \u00e9paissie 38 mm.<\/p>\n<p><strong> Tailles disponibles: <\/strong><br \/>\n\u00d860, \u00d870, \u00d880, \u00d890<br \/>\n60 \u00d7 60, 70 \u00d7 70, 80 \u00d7 80, 90 \u00d7 90<br \/>\n110 \u00d7 70, 120 \u00d7 80<\/p>\n<p>Autres mesures, consulter.<\/p>\n<div><\/div>\n","protected":false},"featured_media":27694,"template":"","meta":[],"product_brand":[],"product_cat":[1135,1133],"product_tag":[1950,1945],"class_list":{"0":"post-17936","1":"product","2":"type-product","3":"status-publish","4":"has-post-thumbnail","6":"product_cat-melamine-fr","7":"product_cat-plateaux","8":"product_tag-plateaux-egger","9":"product_tag-plateaux-melamine-studio","11":"first","12":"instock","13":"shipping-taxable","14":"product-type-simple"},"aioseo_notices":[],"_links":{"self":[{"href":"https:\/\/reyma-mobiliario.com\/fr\/wp-json\/wp\/v2\/product\/17936","targetHints":{"allow":["GET"]}}],"collection":[{"href":"https:\/\/reyma-mobiliario.com\/fr\/wp-json\/wp\/v2\/product"}],"about":[{"href":"https:\/\/reyma-mobiliario.com\/fr\/wp-json\/wp\/v2\/types\/product"}],"wp:featuredmedia":[{"embeddable":true,"href":"https:\/\/reyma-mobiliario.com\/fr\/wp-json\/wp\/v2\/media\/27694"}],"wp:attachment":[{"href":"https:\/\/reyma-mobiliario.com\/fr\/wp-json\/wp\/v2\/media?parent=17936"}],"wp:term":[{"taxonomy":"product_brand","embeddable":true,"href":"https:\/\/reyma-mobiliario.com\/fr\/wp-json\/wp\/v2\/product_brand?post=17936"},{"taxonomy":"product_cat","embeddable":true,"href":"https:\/\/reyma-mobiliario.com\/fr\/wp-json\/wp\/v2\/product_cat?post=17936"},{"taxonomy":"product_tag","embeddable":true,"href":"https:\/\/reyma-mobiliario.com\/fr\/wp-json\/wp\/v2\/product_tag?post=17936"}],"curies":[{"name":"wp","href":"https:\/\/api.w.org\/{rel}","templated":true}]}}