{"id":18120,"date":"2021-01-03T10:00:20","date_gmt":"2021-01-03T09:00:20","guid":{"rendered":"https:\/\/gifted-nightingale.82-223-11-116.plesk.page\/?post_type=product&#038;p=18120"},"modified":"2021-08-02T12:47:11","modified_gmt":"2021-08-02T10:47:11","slug":"pie-noruega","status":"publish","type":"product","link":"https:\/\/reyma-mobiliario.com\/fr\/productos\/pie-noruega\/","title":{"rendered":"Base Pliante Noruega"},"content":{"rendered":"<p>Base de <strong>table pliante<\/strong> disponible en deux hauteurs, avec syst\u00e8me de pliage et verrouillage de s\u00e9curit\u00e9, en aluminium.<\/p>\n","protected":false},"excerpt":{"rendered":"<p><strong> Mat\u00e9riel: <\/strong> Aluminium<\/p>\n<p><strong> Couleurs disponibles: <\/strong> Noir, Gris, Graphite, Blanc ou Taup\u00e9<\/p>\n<p><strong> Base: <\/strong> 50 x 50<\/p>\n<p><strong> Hauteur des colonnes: <\/strong><br \/>\nDisponible en 72 cm et 108 cm, selon le plateau ou le plateau qu&rsquo;elle porte, la table obtenue aura une hauteur de 74 ou 110 cm respectivement.<\/p>\n<p><strong> Poids: <\/strong><br \/>\nPied pliant Norv\u00e8ge H72: 3,35 Kg<br \/>\nPied pliant Norv\u00e8ge H108: 3,75 Kg<\/p>\n<p>&nbsp;<\/p>\n<div><\/div>\n","protected":false},"featured_media":12652,"template":"","meta":[],"product_brand":[],"product_cat":[1647],"product_tag":[1650,1287,1779],"class_list":{"0":"post-18120","1":"product","2":"type-product","3":"status-publish","4":"has-post-thumbnail","6":"product_cat-pieds-de-table","7":"product_tag-base-table","8":"product_tag-serie-noruega-fr","9":"product_tag-systeme-de-pliage","11":"first","12":"instock","13":"shipping-taxable","14":"product-type-simple"},"aioseo_notices":[],"_links":{"self":[{"href":"https:\/\/reyma-mobiliario.com\/fr\/wp-json\/wp\/v2\/product\/18120","targetHints":{"allow":["GET"]}}],"collection":[{"href":"https:\/\/reyma-mobiliario.com\/fr\/wp-json\/wp\/v2\/product"}],"about":[{"href":"https:\/\/reyma-mobiliario.com\/fr\/wp-json\/wp\/v2\/types\/product"}],"wp:featuredmedia":[{"embeddable":true,"href":"https:\/\/reyma-mobiliario.com\/fr\/wp-json\/wp\/v2\/media\/12652"}],"wp:attachment":[{"href":"https:\/\/reyma-mobiliario.com\/fr\/wp-json\/wp\/v2\/media?parent=18120"}],"wp:term":[{"taxonomy":"product_brand","embeddable":true,"href":"https:\/\/reyma-mobiliario.com\/fr\/wp-json\/wp\/v2\/product_brand?post=18120"},{"taxonomy":"product_cat","embeddable":true,"href":"https:\/\/reyma-mobiliario.com\/fr\/wp-json\/wp\/v2\/product_cat?post=18120"},{"taxonomy":"product_tag","embeddable":true,"href":"https:\/\/reyma-mobiliario.com\/fr\/wp-json\/wp\/v2\/product_tag?post=18120"}],"curies":[{"name":"wp","href":"https:\/\/api.w.org\/{rel}","templated":true}]}}