{"id":18124,"date":"2021-01-04T10:00:39","date_gmt":"2021-01-05T09:00:39","guid":{"rendered":"https:\/\/gifted-nightingale.82-223-11-116.plesk.page\/?post_type=product&#038;p=18124"},"modified":"2024-04-15T09:05:07","modified_gmt":"2024-04-15T07:05:07","slug":"pie-noruega-rectangular","status":"publish","type":"product","link":"https:\/\/reyma-mobiliario.com\/fr\/productos\/pie-noruega-rectangular\/","title":{"rendered":"Base Noruega Rectangulaire"},"content":{"rendered":"<p>Base de table pliante rectangulaire, avec syst\u00e8me de pliage avec verrouillage de s\u00e9curit\u00e9 et en aluminium.<\/p>\n","protected":false},"excerpt":{"rendered":"<p><strong> Mat\u00e9riel: <\/strong> Aluminium<\/p>\n<p><strong> Couleurs disponibles: <\/strong> Noir, Gris, Graphite, Blanc ou Taup\u00e9<br \/>\nAvec syst\u00e8me pliable.<\/p>\n<p><strong> Hauteur des colonnes: <\/strong><br \/>\nDisponible en 72 cm<\/p>\n<p><strong> Poids: <\/strong> 5,70 kg<br \/>\n&nbsp;<\/p>\n<div><\/div>\n","protected":false},"featured_media":12771,"template":"","meta":[],"product_brand":[],"product_cat":[1647],"product_tag":[1650,1138,1287,1779],"class_list":{"0":"post-18124","1":"product","2":"type-product","3":"status-publish","4":"has-post-thumbnail","6":"product_cat-pieds-de-table","7":"product_tag-base-table","8":"product_tag-pliable","9":"product_tag-serie-noruega-fr","10":"product_tag-systeme-de-pliage","12":"first","13":"instock","14":"shipping-taxable","15":"product-type-simple"},"aioseo_notices":[],"_links":{"self":[{"href":"https:\/\/reyma-mobiliario.com\/fr\/wp-json\/wp\/v2\/product\/18124","targetHints":{"allow":["GET"]}}],"collection":[{"href":"https:\/\/reyma-mobiliario.com\/fr\/wp-json\/wp\/v2\/product"}],"about":[{"href":"https:\/\/reyma-mobiliario.com\/fr\/wp-json\/wp\/v2\/types\/product"}],"wp:featuredmedia":[{"embeddable":true,"href":"https:\/\/reyma-mobiliario.com\/fr\/wp-json\/wp\/v2\/media\/12771"}],"wp:attachment":[{"href":"https:\/\/reyma-mobiliario.com\/fr\/wp-json\/wp\/v2\/media?parent=18124"}],"wp:term":[{"taxonomy":"product_brand","embeddable":true,"href":"https:\/\/reyma-mobiliario.com\/fr\/wp-json\/wp\/v2\/product_brand?post=18124"},{"taxonomy":"product_cat","embeddable":true,"href":"https:\/\/reyma-mobiliario.com\/fr\/wp-json\/wp\/v2\/product_cat?post=18124"},{"taxonomy":"product_tag","embeddable":true,"href":"https:\/\/reyma-mobiliario.com\/fr\/wp-json\/wp\/v2\/product_tag?post=18124"}],"curies":[{"name":"wp","href":"https:\/\/api.w.org\/{rel}","templated":true}]}}