{"id":18251,"date":"2021-02-07T10:00:05","date_gmt":"2021-03-04T12:15:04","guid":{"rendered":"https:\/\/gifted-nightingale.82-223-11-116.plesk.page\/?post_type=product&#038;p=18251"},"modified":"2023-02-15T17:46:01","modified_gmt":"2023-02-15T16:46:01","slug":"chaise-rialto","status":"publish","type":"product","link":"https:\/\/reyma-mobiliario.com\/fr\/productos\/chaise-rialto\/","title":{"rendered":"Chaise Rialto"},"content":{"rendered":"<p>Chaise robuste, confortable et \u00e9l\u00e9gante avec pied en acier et rev\u00eatement en diff\u00e9rentes couleurs<\/p>\n","protected":false},"excerpt":{"rendered":"<p><strong> Poids <\/strong>: 7,30 kg<\/p>\n<p><strong> Mat\u00e9riaux <\/strong>:<br \/>\nRembourr\u00e9 P.U: samba, bois de santal, gris, bleu, vert et moutarde<br \/>\nPied M.U.-4 en acier peint noir<\/p>\n<p><strong>Assemblage\u00a0:<\/strong><br \/>\nBesoin d&rsquo;assemblage.<br \/>\nCarter + Pied<\/p>\n<p><strong>Dimensions:<\/strong><br \/>\n<img loading=\"lazy\" decoding=\"async\" class=\"alignnone size-full wp-image-11924\" src=\"https:\/\/reyma-mobiliario.com\/wp-content\/uploads\/2021\/02\/rialto-silla.jpg\" alt=\"Dimensions chaise Rialto REYMA\" width=\"120\" height=\"120\" \/><\/p>\n","protected":false},"featured_media":18242,"template":"","meta":[],"product_brand":[],"product_cat":[1121,1114],"product_tag":[1769,1668],"class_list":{"0":"post-18251","1":"product","2":"type-product","3":"status-publish","4":"has-post-thumbnail","6":"product_cat-chaises-dinterieur","7":"product_cat-interieur","8":"product_tag-nouvelles-2021","9":"product_tag-serie-rialto-fr","11":"first","12":"instock","13":"shipping-taxable","14":"purchasable","15":"product-type-variable"},"aioseo_notices":[],"_links":{"self":[{"href":"https:\/\/reyma-mobiliario.com\/fr\/wp-json\/wp\/v2\/product\/18251","targetHints":{"allow":["GET"]}}],"collection":[{"href":"https:\/\/reyma-mobiliario.com\/fr\/wp-json\/wp\/v2\/product"}],"about":[{"href":"https:\/\/reyma-mobiliario.com\/fr\/wp-json\/wp\/v2\/types\/product"}],"wp:featuredmedia":[{"embeddable":true,"href":"https:\/\/reyma-mobiliario.com\/fr\/wp-json\/wp\/v2\/media\/18242"}],"wp:attachment":[{"href":"https:\/\/reyma-mobiliario.com\/fr\/wp-json\/wp\/v2\/media?parent=18251"}],"wp:term":[{"taxonomy":"product_brand","embeddable":true,"href":"https:\/\/reyma-mobiliario.com\/fr\/wp-json\/wp\/v2\/product_brand?post=18251"},{"taxonomy":"product_cat","embeddable":true,"href":"https:\/\/reyma-mobiliario.com\/fr\/wp-json\/wp\/v2\/product_cat?post=18251"},{"taxonomy":"product_tag","embeddable":true,"href":"https:\/\/reyma-mobiliario.com\/fr\/wp-json\/wp\/v2\/product_tag?post=18251"}],"curies":[{"name":"wp","href":"https:\/\/api.w.org\/{rel}","templated":true}]}}