{"id":18374,"date":"2023-12-29T10:00:11","date_gmt":"2023-12-29T09:00:11","guid":{"rendered":"https:\/\/gifted-nightingale.82-223-11-116.plesk.page\/?post_type=product&#038;p=18374"},"modified":"2025-03-04T18:12:06","modified_gmt":"2025-03-04T17:12:06","slug":"table-hanover-noir","status":"publish","type":"product","link":"https:\/\/reyma-mobiliario.com\/fr\/productos\/table-hanover-noir\/","title":{"rendered":"Table Hanover Noir 9322"},"content":{"rendered":"<p>Table avec un pied en acier et une base carr\u00e9e qui courbe les lignes.<\/p>\n","protected":false},"excerpt":{"rendered":"<p><strong> Hauteur : <\/strong> 75 cm<\/p>\n<p><strong> Mat\u00e9riaux <\/strong>:<br \/>\nPied en acier peint en noir.<br \/>\nPlateau: Werzalit, compact ou m\u00e9lamin\u00e9.<br \/>\nAussi en pierre de granit vert ou noir, v\u00e9rifier la disponibilit\u00e9<\/p>\n<p><strong> Mesures de la carte: <\/strong><br \/>\n70&#215;70, 80&#215;80 et 90&#215;90<br \/>\n80\u00d8,90\u00d8 y 100\u00d8<\/p>\n","protected":false},"featured_media":28619,"template":"","meta":[],"product_brand":[],"product_cat":[1114,1119],"product_tag":[1769,1656,1166],"class_list":{"0":"post-18374","1":"product","2":"type-product","3":"status-publish","4":"has-post-thumbnail","6":"product_cat-interieur","7":"product_cat-tables-dinterieur","8":"product_tag-nouvelles-2021","9":"product_tag-serie-hanover-fr","10":"product_tag-tables-fr","12":"first","13":"instock","14":"shipping-taxable","15":"product-type-simple"},"aioseo_notices":[],"_links":{"self":[{"href":"https:\/\/reyma-mobiliario.com\/fr\/wp-json\/wp\/v2\/product\/18374","targetHints":{"allow":["GET"]}}],"collection":[{"href":"https:\/\/reyma-mobiliario.com\/fr\/wp-json\/wp\/v2\/product"}],"about":[{"href":"https:\/\/reyma-mobiliario.com\/fr\/wp-json\/wp\/v2\/types\/product"}],"wp:featuredmedia":[{"embeddable":true,"href":"https:\/\/reyma-mobiliario.com\/fr\/wp-json\/wp\/v2\/media\/28619"}],"wp:attachment":[{"href":"https:\/\/reyma-mobiliario.com\/fr\/wp-json\/wp\/v2\/media?parent=18374"}],"wp:term":[{"taxonomy":"product_brand","embeddable":true,"href":"https:\/\/reyma-mobiliario.com\/fr\/wp-json\/wp\/v2\/product_brand?post=18374"},{"taxonomy":"product_cat","embeddable":true,"href":"https:\/\/reyma-mobiliario.com\/fr\/wp-json\/wp\/v2\/product_cat?post=18374"},{"taxonomy":"product_tag","embeddable":true,"href":"https:\/\/reyma-mobiliario.com\/fr\/wp-json\/wp\/v2\/product_tag?post=18374"}],"curies":[{"name":"wp","href":"https:\/\/api.w.org\/{rel}","templated":true}]}}