{"id":18377,"date":"2021-01-07T10:00:48","date_gmt":"2021-02-06T09:00:48","guid":{"rendered":"https:\/\/gifted-nightingale.82-223-11-116.plesk.page\/?post_type=product&#038;p=18377"},"modified":"2023-11-20T17:02:29","modified_gmt":"2023-11-20T16:02:29","slug":"chaise-de-bar-montana-resp-madera","status":"publish","type":"product","link":"https:\/\/reyma-mobiliario.com\/fr\/productos\/chaise-de-bar-montana-resp-madera\/","title":{"rendered":"Chaise de bar Montana dos en bois"},"content":{"rendered":"<p>Chaise de bar aux lignes simples. Structure en acier avec dos en bois massif.<\/p>\n<div><\/div>\n<div><\/div>\n","protected":false},"excerpt":{"rendered":"<p><strong> Poids: <\/strong><br \/>\nAvec assise rembourr\u00e9e: 8,05 kg<br \/>\navec assise en bois massif: 8,45 kg<\/p>\n<p><strong> Mat\u00e9riaux <\/strong>:<br \/>\nStructure en acier peint en noir<\/p>\n<p>Si\u00e8ge:<br \/>\nBois massif<br \/>\nRembourrage: blanc, cachemire, albero, brun, noir, rouge, indiana, panama, gris, vert, bleu, moutarde, samba ou bois de santal.<\/p>\n<p><strong> Dimensions <\/strong>:<br \/>\nAsiento:<br \/>\nMadera macizo<br \/>\nTapizado: blanco, kashmir, albero, marr\u00f3n, negro, rojo, indiana, panam\u00e1, gris, verde, azul, mostaza, samba o s\u00e1ndalo.<\/p>\n<p><strong>Dimensiones<\/strong>:<\/p>\n<p><img loading=\"lazy\" decoding=\"async\" class=\"alignnone size-full wp-image-11924\" src=\"https:\/\/reyma-mobiliario.com\/wp-content\/uploads\/2020\/01\/montana-silla-1.jpg\" alt=\"Dimensiones silla Montana REYMA\" width=\"120\" height=\"120\" \/><\/p>\n<div><\/div>\n<div><\/div>\n","protected":false},"featured_media":18387,"template":"","meta":[],"product_brand":[],"product_cat":[1114,1116],"product_tag":[1169,1769,1273],"class_list":{"0":"post-18377","1":"product","2":"type-product","3":"status-publish","4":"has-post-thumbnail","6":"product_cat-interieur","7":"product_cat-tabouret-dinterieur","8":"product_tag-mobilier-interieur","9":"product_tag-nouvelles-2021","10":"product_tag-serie-montana-fr","12":"first","13":"instock","14":"shipping-taxable","15":"product-type-simple"},"aioseo_notices":[],"_links":{"self":[{"href":"https:\/\/reyma-mobiliario.com\/fr\/wp-json\/wp\/v2\/product\/18377","targetHints":{"allow":["GET"]}}],"collection":[{"href":"https:\/\/reyma-mobiliario.com\/fr\/wp-json\/wp\/v2\/product"}],"about":[{"href":"https:\/\/reyma-mobiliario.com\/fr\/wp-json\/wp\/v2\/types\/product"}],"wp:featuredmedia":[{"embeddable":true,"href":"https:\/\/reyma-mobiliario.com\/fr\/wp-json\/wp\/v2\/media\/18387"}],"wp:attachment":[{"href":"https:\/\/reyma-mobiliario.com\/fr\/wp-json\/wp\/v2\/media?parent=18377"}],"wp:term":[{"taxonomy":"product_brand","embeddable":true,"href":"https:\/\/reyma-mobiliario.com\/fr\/wp-json\/wp\/v2\/product_brand?post=18377"},{"taxonomy":"product_cat","embeddable":true,"href":"https:\/\/reyma-mobiliario.com\/fr\/wp-json\/wp\/v2\/product_cat?post=18377"},{"taxonomy":"product_tag","embeddable":true,"href":"https:\/\/reyma-mobiliario.com\/fr\/wp-json\/wp\/v2\/product_tag?post=18377"}],"curies":[{"name":"wp","href":"https:\/\/api.w.org\/{rel}","templated":true}]}}