{"id":18477,"date":"2021-02-10T10:00:18","date_gmt":"2021-03-08T07:45:37","guid":{"rendered":"https:\/\/gifted-nightingale.82-223-11-116.plesk.page\/?post_type=product&#038;p=18477"},"modified":"2024-03-07T18:17:03","modified_gmt":"2024-03-07T17:17:03","slug":"table-hanover-blanc","status":"publish","type":"product","link":"https:\/\/reyma-mobiliario.com\/fr\/productos\/table-hanover-blanc\/","title":{"rendered":"Table Hanover Blanc 9322"},"content":{"rendered":"<p>table avec une base en acier disponible en deux couleurs et deux hauteurs.<\/p>\n","protected":false},"excerpt":{"rendered":"<p><strong> Hauteur : <\/strong> 75 cm<\/p>\n<p><strong> Mat\u00e9riaux <\/strong>:<br \/>\nPied en acier peint en blanc.<br \/>\nPlateau finition Werzalit, compact ou m\u00e9lamin\u00e9*.<br \/>\n\u00c9galement en pierre verte ou noire, v\u00e9rifier la disponibilit\u00e9<\/p>\n<p>*M\u00e9lamine solo pour l&rsquo;interieur.<\/p>\n<p><strong> Mesures de la plateaux: <\/strong><br \/>\n70&#215;70, 80&#215;80 et 90&#215;90<br \/>\n80\u00d8, 90\u00d8 et 100\u00d8<\/p>\n","protected":false},"featured_media":21760,"template":"","meta":[],"product_brand":[],"product_cat":[1114,1119],"product_tag":[1769,1656,1166],"class_list":{"0":"post-18477","1":"product","2":"type-product","3":"status-publish","4":"has-post-thumbnail","6":"product_cat-interieur","7":"product_cat-tables-dinterieur","8":"product_tag-nouvelles-2021","9":"product_tag-serie-hanover-fr","10":"product_tag-tables-fr","12":"first","13":"instock","14":"shipping-taxable","15":"product-type-simple"},"aioseo_notices":[],"_links":{"self":[{"href":"https:\/\/reyma-mobiliario.com\/fr\/wp-json\/wp\/v2\/product\/18477","targetHints":{"allow":["GET"]}}],"collection":[{"href":"https:\/\/reyma-mobiliario.com\/fr\/wp-json\/wp\/v2\/product"}],"about":[{"href":"https:\/\/reyma-mobiliario.com\/fr\/wp-json\/wp\/v2\/types\/product"}],"wp:featuredmedia":[{"embeddable":true,"href":"https:\/\/reyma-mobiliario.com\/fr\/wp-json\/wp\/v2\/media\/21760"}],"wp:attachment":[{"href":"https:\/\/reyma-mobiliario.com\/fr\/wp-json\/wp\/v2\/media?parent=18477"}],"wp:term":[{"taxonomy":"product_brand","embeddable":true,"href":"https:\/\/reyma-mobiliario.com\/fr\/wp-json\/wp\/v2\/product_brand?post=18477"},{"taxonomy":"product_cat","embeddable":true,"href":"https:\/\/reyma-mobiliario.com\/fr\/wp-json\/wp\/v2\/product_cat?post=18477"},{"taxonomy":"product_tag","embeddable":true,"href":"https:\/\/reyma-mobiliario.com\/fr\/wp-json\/wp\/v2\/product_tag?post=18477"}],"curies":[{"name":"wp","href":"https:\/\/api.w.org\/{rel}","templated":true}]}}