{"id":18490,"date":"2020-05-07T10:00:03","date_gmt":"2021-03-08T08:11:42","guid":{"rendered":"https:\/\/gifted-nightingale.82-223-11-116.plesk.page\/?post_type=product&#038;p=18490"},"modified":"2023-11-10T11:49:52","modified_gmt":"2023-11-10T10:49:52","slug":"table-hanover-haute-blanc","status":"publish","type":"product","link":"https:\/\/reyma-mobiliario.com\/fr\/productos\/table-hanover-haute-blanc\/","title":{"rendered":"Table Hanover Haute Blanc 9320"},"content":{"rendered":"<p>Table haute en acier avec une base carr\u00e9e aux lignes courbes.<\/p>\n","protected":false},"excerpt":{"rendered":"<p><strong> Hauteur : <\/strong> 110 cm<\/p>\n<p><strong> Mat\u00e9riaux <\/strong>:<br \/>\nPied en acier peint en blanc.<br \/>\nPlateau finition Werzalit, compact ou m\u00e9lamin\u00e9.<br \/>\n\u00c9galement en pierre verte ou noire, v\u00e9rifier la disponibilit\u00e9<\/p>\n<p><strong> Mesures de la carte: <\/strong><br \/>\n60&#215;60 et 70&#215;70<br \/>\n70\u00d8<\/p>\n","protected":false},"featured_media":18319,"template":"","meta":[],"product_brand":[],"product_cat":[1114,1119],"product_tag":[1769,1656,1166],"class_list":{"0":"post-18490","1":"product","2":"type-product","3":"status-publish","4":"has-post-thumbnail","6":"product_cat-interieur","7":"product_cat-tables-dinterieur","8":"product_tag-nouvelles-2021","9":"product_tag-serie-hanover-fr","10":"product_tag-tables-fr","12":"first","13":"instock","14":"shipping-taxable","15":"product-type-simple"},"aioseo_notices":[],"_links":{"self":[{"href":"https:\/\/reyma-mobiliario.com\/fr\/wp-json\/wp\/v2\/product\/18490","targetHints":{"allow":["GET"]}}],"collection":[{"href":"https:\/\/reyma-mobiliario.com\/fr\/wp-json\/wp\/v2\/product"}],"about":[{"href":"https:\/\/reyma-mobiliario.com\/fr\/wp-json\/wp\/v2\/types\/product"}],"wp:featuredmedia":[{"embeddable":true,"href":"https:\/\/reyma-mobiliario.com\/fr\/wp-json\/wp\/v2\/media\/18319"}],"wp:attachment":[{"href":"https:\/\/reyma-mobiliario.com\/fr\/wp-json\/wp\/v2\/media?parent=18490"}],"wp:term":[{"taxonomy":"product_brand","embeddable":true,"href":"https:\/\/reyma-mobiliario.com\/fr\/wp-json\/wp\/v2\/product_brand?post=18490"},{"taxonomy":"product_cat","embeddable":true,"href":"https:\/\/reyma-mobiliario.com\/fr\/wp-json\/wp\/v2\/product_cat?post=18490"},{"taxonomy":"product_tag","embeddable":true,"href":"https:\/\/reyma-mobiliario.com\/fr\/wp-json\/wp\/v2\/product_tag?post=18490"}],"curies":[{"name":"wp","href":"https:\/\/api.w.org\/{rel}","templated":true}]}}