{"id":18527,"date":"2021-01-05T10:00:07","date_gmt":"2021-03-08T12:19:37","guid":{"rendered":"https:\/\/gifted-nightingale.82-223-11-116.plesk.page\/?post_type=product&#038;p=18527"},"modified":"2023-11-20T17:02:56","modified_gmt":"2023-11-20T16:02:56","slug":"chaise-de-bar-montana","status":"publish","type":"product","link":"https:\/\/reyma-mobiliario.com\/fr\/productos\/chaise-de-bar-montana\/","title":{"rendered":"Chaise de bar Montana"},"content":{"rendered":"<p>Chaise de bar en structure m\u00e9tallique et si\u00e8ges configurables rembourr\u00e9s, solides ou stratifi\u00e9s.<\/p>\n","protected":false},"excerpt":{"rendered":"<p><strong> Poids: <\/strong><br \/>\nAvec assise rembourr\u00e9e: 9,30 kg<br \/>\navec assise en bois massif: 9,60 kg<br \/>\navec assise lamin\u00e9e: 9,10 Kg<\/p>\n<p><strong> Mat\u00e9riaux <\/strong>:<br \/>\nStructure en acier peint en noir ou graphite<\/p>\n<p>Si\u00e8ge:<br \/>\nBois massif<br \/>\nRembourrage: blanc, cachemire, albero, brun, noir, rouge, indiana, panama, gris, vert, bleu, moutarde, samba ou bois de santal.<br \/>\nStratifi\u00e9: bois stratifi\u00e9, \u00e9b\u00e8ne, kenya, noyer vintage ou ch\u00eane vintage.<\/p>\n","protected":false},"featured_media":18521,"template":"","meta":[],"product_brand":[],"product_cat":[1114,1116],"product_tag":[1769,1273,1147],"class_list":{"0":"post-18527","1":"product","2":"type-product","3":"status-publish","4":"has-post-thumbnail","6":"product_cat-interieur","7":"product_cat-tabouret-dinterieur","8":"product_tag-nouvelles-2021","9":"product_tag-serie-montana-fr","10":"product_tag-tabourets","12":"first","13":"instock","14":"shipping-taxable","15":"product-type-simple"},"aioseo_notices":[],"_links":{"self":[{"href":"https:\/\/reyma-mobiliario.com\/fr\/wp-json\/wp\/v2\/product\/18527","targetHints":{"allow":["GET"]}}],"collection":[{"href":"https:\/\/reyma-mobiliario.com\/fr\/wp-json\/wp\/v2\/product"}],"about":[{"href":"https:\/\/reyma-mobiliario.com\/fr\/wp-json\/wp\/v2\/types\/product"}],"wp:featuredmedia":[{"embeddable":true,"href":"https:\/\/reyma-mobiliario.com\/fr\/wp-json\/wp\/v2\/media\/18521"}],"wp:attachment":[{"href":"https:\/\/reyma-mobiliario.com\/fr\/wp-json\/wp\/v2\/media?parent=18527"}],"wp:term":[{"taxonomy":"product_brand","embeddable":true,"href":"https:\/\/reyma-mobiliario.com\/fr\/wp-json\/wp\/v2\/product_brand?post=18527"},{"taxonomy":"product_cat","embeddable":true,"href":"https:\/\/reyma-mobiliario.com\/fr\/wp-json\/wp\/v2\/product_cat?post=18527"},{"taxonomy":"product_tag","embeddable":true,"href":"https:\/\/reyma-mobiliario.com\/fr\/wp-json\/wp\/v2\/product_tag?post=18527"}],"curies":[{"name":"wp","href":"https:\/\/api.w.org\/{rel}","templated":true}]}}