{"id":19696,"date":"2021-01-04T10:00:30","date_gmt":"2021-01-11T09:00:30","guid":{"rendered":"https:\/\/gifted-nightingale.82-223-11-116.plesk.page\/?post_type=product&#038;p=19696"},"modified":"2023-11-20T16:59:12","modified_gmt":"2023-11-20T15:59:12","slug":"tabouret-monaco-plus-rembourre","status":"publish","type":"product","link":"https:\/\/reyma-mobiliario.com\/fr\/productos\/tabouret-monaco-plus-rembourre\/","title":{"rendered":"Tabouret M\u00f3naco Plus Rembourr\u00e9"},"content":{"rendered":"<p>Tabouret polyvalent avec structure en acier. Grande vari\u00e9t\u00e9 de couleurs tant dans la structure que dans les diff\u00e9rents si\u00e8ges rembourr\u00e9s.<\/p>\n","protected":false},"excerpt":{"rendered":"<p><strong> Poids <\/strong>: 6,30 kg<\/p>\n<p><strong> Mat\u00e9riaux <\/strong>:<br \/>\nAssise <strong> 36&#215;31 <\/strong> rembourr\u00e9e: samba, bois de santal, indiana, panama, vert, gris, bleu ou moutarde.<br \/>\nStructure en acier peint: bois naturel noir, gris, graphite, blanc ou d\u00e9co.<\/p>\n<p><strong> Dimensions <\/strong>:<\/p>\n<p><img decoding=\"async\" class=\"alignleft size-full wp-image-11924\" src=\"https:\/\/reyma-mobiliario.com\/wp-content\/uploads\/2019\/11\/monaco-plus-banqueta-1. jpg \" alt=\" Dimensions du banc Monaco Plus REYMA \" width=\" 120 \" height=\" 120 \" \/><\/p>\n","protected":false},"featured_media":19845,"template":"","meta":[],"product_brand":[],"product_cat":[1114,1116],"product_tag":[1169,1283,1147],"class_list":{"0":"post-19696","1":"product","2":"type-product","3":"status-publish","4":"has-post-thumbnail","6":"product_cat-interieur","7":"product_cat-tabouret-dinterieur","8":"product_tag-mobilier-interieur","9":"product_tag-serie-monaco-fr","10":"product_tag-tabourets","12":"first","13":"instock","14":"shipping-taxable","15":"purchasable","16":"product-type-variable"},"aioseo_notices":[],"_links":{"self":[{"href":"https:\/\/reyma-mobiliario.com\/fr\/wp-json\/wp\/v2\/product\/19696","targetHints":{"allow":["GET"]}}],"collection":[{"href":"https:\/\/reyma-mobiliario.com\/fr\/wp-json\/wp\/v2\/product"}],"about":[{"href":"https:\/\/reyma-mobiliario.com\/fr\/wp-json\/wp\/v2\/types\/product"}],"wp:featuredmedia":[{"embeddable":true,"href":"https:\/\/reyma-mobiliario.com\/fr\/wp-json\/wp\/v2\/media\/19845"}],"wp:attachment":[{"href":"https:\/\/reyma-mobiliario.com\/fr\/wp-json\/wp\/v2\/media?parent=19696"}],"wp:term":[{"taxonomy":"product_brand","embeddable":true,"href":"https:\/\/reyma-mobiliario.com\/fr\/wp-json\/wp\/v2\/product_brand?post=19696"},{"taxonomy":"product_cat","embeddable":true,"href":"https:\/\/reyma-mobiliario.com\/fr\/wp-json\/wp\/v2\/product_cat?post=19696"},{"taxonomy":"product_tag","embeddable":true,"href":"https:\/\/reyma-mobiliario.com\/fr\/wp-json\/wp\/v2\/product_tag?post=19696"}],"curies":[{"name":"wp","href":"https:\/\/api.w.org\/{rel}","templated":true}]}}