{"id":20100,"date":"2026-02-13T10:00:04","date_gmt":"2026-02-13T09:00:04","guid":{"rendered":"https:\/\/gifted-nightingale.82-223-11-116.plesk.page\/?post_type=product&#038;p=20100"},"modified":"2026-03-31T14:13:05","modified_gmt":"2026-03-31T12:13:05","slug":"tabouret-charlotte-osier","status":"publish","type":"product","link":"https:\/\/reyma-mobiliario.com\/fr\/productos\/tabouret-charlotte-osier\/","title":{"rendered":"Tabouret Charlotte Osier"},"content":{"rendered":"<p>Tabouret pour l&rsquo;ext\u00e9rieur sans dossier. Avec osier tiss\u00e9 synth\u00e9tique. Il s&rsquo;adapte aux espaces int\u00e9rieurs et ext\u00e9rieurs.<\/p>\n","protected":false},"excerpt":{"rendered":"<p><strong> Poids: <\/strong> 2,95 kg<\/p>\n<p><strong> Mat\u00e9riaux <\/strong>:<br \/>\nCadre en aluminium peint d\u00e9co noyer avec assise en osier noire et cr\u00e8me<br \/>\nCadre en aluminium peint d\u00e9co bambou avec si\u00e8ge osier volcan<br \/>\nCadre en aluminium peint d\u00e9co ch\u00eane naturel avec si\u00e8ge osier atlas.<br \/>\nCadre en aluminium peint d\u00e9co ch\u00eane naturel avec si\u00e8ge osier Ocre et atlas<\/p>\n<p><strong>Dimensions<\/strong>:<\/p>\n<p><img loading=\"lazy\" decoding=\"async\" class=\"alignnone size-full wp-image-11924\" src=\"https:\/\/reyma-mobiliario.com\/wp-content\/uploads\/2025\/03\/2025-charlotte-banqueta-sr.jpg\" alt=\"Dimensions Tabouret Charlotte REYMA\" width=\"120\" height=\"120\" \/><\/p>\n","protected":false},"featured_media":35668,"template":"","meta":[],"product_brand":[],"product_cat":[1106,1123,1125,1107],"product_tag":[1168,2416,1221,1147],"class_list":{"0":"post-20100","1":"product","2":"type-product","3":"status-publish","4":"has-post-thumbnail","6":"product_cat-exterieur","7":"product_cat-nouveaute","8":"product_cat-nouvelles-exterieur","9":"product_cat-tabouret-dexterieur","10":"product_tag-mobilier-dexterieur","11":"product_tag-nouevau-2026","12":"product_tag-serie-charlotte-fr","13":"product_tag-tabourets","15":"first","16":"instock","17":"shipping-taxable","18":"purchasable","19":"product-type-variable"},"aioseo_notices":[],"_links":{"self":[{"href":"https:\/\/reyma-mobiliario.com\/fr\/wp-json\/wp\/v2\/product\/20100","targetHints":{"allow":["GET"]}}],"collection":[{"href":"https:\/\/reyma-mobiliario.com\/fr\/wp-json\/wp\/v2\/product"}],"about":[{"href":"https:\/\/reyma-mobiliario.com\/fr\/wp-json\/wp\/v2\/types\/product"}],"wp:featuredmedia":[{"embeddable":true,"href":"https:\/\/reyma-mobiliario.com\/fr\/wp-json\/wp\/v2\/media\/35668"}],"wp:attachment":[{"href":"https:\/\/reyma-mobiliario.com\/fr\/wp-json\/wp\/v2\/media?parent=20100"}],"wp:term":[{"taxonomy":"product_brand","embeddable":true,"href":"https:\/\/reyma-mobiliario.com\/fr\/wp-json\/wp\/v2\/product_brand?post=20100"},{"taxonomy":"product_cat","embeddable":true,"href":"https:\/\/reyma-mobiliario.com\/fr\/wp-json\/wp\/v2\/product_cat?post=20100"},{"taxonomy":"product_tag","embeddable":true,"href":"https:\/\/reyma-mobiliario.com\/fr\/wp-json\/wp\/v2\/product_tag?post=20100"}],"curies":[{"name":"wp","href":"https:\/\/api.w.org\/{rel}","templated":true}]}}