{"id":20150,"date":"2016-01-07T10:00:55","date_gmt":"2016-01-07T09:00:55","guid":{"rendered":"https:\/\/gifted-nightingale.82-223-11-116.plesk.page\/?post_type=product&#038;p=20150"},"modified":"2025-07-31T10:12:03","modified_gmt":"2025-07-31T08:12:03","slug":"chaise-eros-copia","status":"publish","type":"product","link":"https:\/\/reyma-mobiliario.com\/fr\/productos\/chaise-eros-copia\/","title":{"rendered":"Chaise Eros Textilene"},"content":{"rendered":"<p>Chaise d&rsquo;ext\u00e9rieur polyvalente. Il offre une finition en lattes d&rsquo;aluminium ou en double textil\u00e8ne de diff\u00e9rentes couleurs. Il s&rsquo;adapte \u00e0 n&rsquo;importe quel espace.<\/p>\n","protected":false},"excerpt":{"rendered":"<p><strong> Poids: <\/strong><br \/>\nSi\u00e8ge en textil\u00e8ne: 4,70 kg<\/p>\n<p><strong> Mat\u00e9riaux <\/strong>:<br \/>\nStructure en aluminium peint blanc.<\/p>\n<p>Assise et dossier:<br \/>\nTextil\u00e8ne rouge ou noir.<\/p>\n<p><strong> Dimensions <\/strong>:<\/p>\n<p><img loading=\"lazy\" decoding=\"async\" class=\"alignnone size-full wp-image-11924\" src=\"https:\/\/reyma-mobiliario.com\/wp-content\/uploads\/2017\/10\/eros-silla.jpg\" alt=\"Dimensions chaise Eros REYMA\" width=\"120\" height=\"120\" \/><\/p>\n","protected":false},"featured_media":14056,"template":"","meta":[],"product_brand":[],"product_cat":[1111,1106],"product_tag":[1144,1347,1164,1168,1172,1234,1358],"class_list":{"0":"post-20150","1":"product","2":"type-product","3":"status-publish","4":"has-post-thumbnail","6":"product_cat-chaises-dexterieur","7":"product_cat-exterieur","8":"product_tag-aluminium","9":"product_tag-chaises","10":"product_tag-lamas-fr","11":"product_tag-mobilier-dexterieur","12":"product_tag-nouvelles-2017","13":"product_tag-serie-eros-fr","14":"product_tag-textilene-fr","16":"first","17":"instock","18":"shipping-taxable","19":"purchasable","20":"product-type-variable"},"aioseo_notices":[],"_links":{"self":[{"href":"https:\/\/reyma-mobiliario.com\/fr\/wp-json\/wp\/v2\/product\/20150","targetHints":{"allow":["GET"]}}],"collection":[{"href":"https:\/\/reyma-mobiliario.com\/fr\/wp-json\/wp\/v2\/product"}],"about":[{"href":"https:\/\/reyma-mobiliario.com\/fr\/wp-json\/wp\/v2\/types\/product"}],"wp:featuredmedia":[{"embeddable":true,"href":"https:\/\/reyma-mobiliario.com\/fr\/wp-json\/wp\/v2\/media\/14056"}],"wp:attachment":[{"href":"https:\/\/reyma-mobiliario.com\/fr\/wp-json\/wp\/v2\/media?parent=20150"}],"wp:term":[{"taxonomy":"product_brand","embeddable":true,"href":"https:\/\/reyma-mobiliario.com\/fr\/wp-json\/wp\/v2\/product_brand?post=20150"},{"taxonomy":"product_cat","embeddable":true,"href":"https:\/\/reyma-mobiliario.com\/fr\/wp-json\/wp\/v2\/product_cat?post=20150"},{"taxonomy":"product_tag","embeddable":true,"href":"https:\/\/reyma-mobiliario.com\/fr\/wp-json\/wp\/v2\/product_tag?post=20150"}],"curies":[{"name":"wp","href":"https:\/\/api.w.org\/{rel}","templated":true}]}}