{"id":21043,"date":"2020-12-08T10:00:38","date_gmt":"2021-03-04T09:00:38","guid":{"rendered":"https:\/\/reyma-mobiliario.com\/?post_type=product&#038;p=21043"},"modified":"2025-03-14T12:45:06","modified_gmt":"2025-03-14T11:45:06","slug":"silla-tivoli-textilene","status":"publish","type":"product","link":"https:\/\/reyma-mobiliario.com\/fr\/productos\/silla-tivoli-textilene\/","title":{"rendered":"Chaise Tivoli Textilene"},"content":{"rendered":"<p>Chaise de style parisien avec assise et dossier en textil\u00e8ne. Sa structure en aluminium est empilable et permet son utilisation en int\u00e9rieur comme en ext\u00e9rieur.<\/p>\n","protected":false},"excerpt":{"rendered":"<p><strong> Poids\u00a0: <\/strong> 3,30\u00a0kg<\/p>\n<p><strong> Mat\u00e9riaux <\/strong>\u00a0:<br \/>\nCadre en aluminium peint d\u00e9co bambou<\/p>\n<p>Assise et dossier textil\u00e8ne latte ou noir<\/p>\n<p><strong> Dimensions <\/strong>\u00a0:<br \/>\n<img loading=\"lazy\" decoding=\"async\" class=\"alignnone size-full wp-image-11924\" src=\"https:\/\/reyma-mobiliario.com\/wp-content\/uploads\/2025\/03\/2025-tivoli-silla.jpg\" alt=\"Dimensiones Silla Tivoli REYMA\" width=\"120\" height=\"120\" \/><\/p>\n","protected":false},"featured_media":23884,"template":"","meta":[],"product_brand":[],"product_cat":[1111,1106],"product_tag":[1347,1348,1168,1769,1326],"class_list":{"0":"post-21043","1":"product","2":"type-product","3":"status-publish","4":"has-post-thumbnail","6":"product_cat-chaises-dexterieur","7":"product_cat-exterieur","8":"product_tag-chaises","9":"product_tag-chaises-dexterieur","10":"product_tag-mobilier-dexterieur","11":"product_tag-nouvelles-2021","12":"product_tag-serie-tivoli-fr","14":"first","15":"instock","16":"shipping-taxable","17":"purchasable","18":"product-type-variable"},"aioseo_notices":[],"_links":{"self":[{"href":"https:\/\/reyma-mobiliario.com\/fr\/wp-json\/wp\/v2\/product\/21043","targetHints":{"allow":["GET"]}}],"collection":[{"href":"https:\/\/reyma-mobiliario.com\/fr\/wp-json\/wp\/v2\/product"}],"about":[{"href":"https:\/\/reyma-mobiliario.com\/fr\/wp-json\/wp\/v2\/types\/product"}],"wp:featuredmedia":[{"embeddable":true,"href":"https:\/\/reyma-mobiliario.com\/fr\/wp-json\/wp\/v2\/media\/23884"}],"wp:attachment":[{"href":"https:\/\/reyma-mobiliario.com\/fr\/wp-json\/wp\/v2\/media?parent=21043"}],"wp:term":[{"taxonomy":"product_brand","embeddable":true,"href":"https:\/\/reyma-mobiliario.com\/fr\/wp-json\/wp\/v2\/product_brand?post=21043"},{"taxonomy":"product_cat","embeddable":true,"href":"https:\/\/reyma-mobiliario.com\/fr\/wp-json\/wp\/v2\/product_cat?post=21043"},{"taxonomy":"product_tag","embeddable":true,"href":"https:\/\/reyma-mobiliario.com\/fr\/wp-json\/wp\/v2\/product_tag?post=21043"}],"curies":[{"name":"wp","href":"https:\/\/api.w.org\/{rel}","templated":true}]}}