{"id":21302,"date":"2024-01-09T10:00:37","date_gmt":"2020-02-23T09:00:37","guid":{"rendered":"https:\/\/reyma-mobiliario.com\/?post_type=product&#038;p=21302"},"modified":"2023-07-21T08:58:00","modified_gmt":"2023-07-21T06:58:00","slug":"conjunto-milano-veneto","status":"publish","type":"product","link":"https:\/\/reyma-mobiliario.com\/fr\/productos\/conjunto-milano-veneto\/","title":{"rendered":"Ensemble Milano-V\u00e9neto"},"content":{"rendered":"<p>Ensemble de tabourets veneto avec table haute milano.<\/p>\n","protected":false},"excerpt":{"rendered":"<p>Tabouret Veneto en acier peint noir tapiss\u00e9 moutarde et indiana<\/p>\n<p>Table haute milano en acier peint en noir avec plateau rond en m\u00e9lamin\u00e9 m\u00e9tal gris athena avec bord en bronze.<\/p>\n","protected":false},"featured_media":21305,"template":"","meta":[],"product_brand":[],"product_cat":[1103,1105],"product_tag":[1157],"class_list":{"0":"post-21302","1":"product","2":"type-product","3":"status-publish","4":"has-post-thumbnail","6":"product_cat-ensembles","7":"product_cat-ensembles-dinterieur","8":"product_tag-ensembles","10":"first","11":"instock","12":"shipping-taxable","13":"product-type-simple"},"aioseo_notices":[],"_links":{"self":[{"href":"https:\/\/reyma-mobiliario.com\/fr\/wp-json\/wp\/v2\/product\/21302","targetHints":{"allow":["GET"]}}],"collection":[{"href":"https:\/\/reyma-mobiliario.com\/fr\/wp-json\/wp\/v2\/product"}],"about":[{"href":"https:\/\/reyma-mobiliario.com\/fr\/wp-json\/wp\/v2\/types\/product"}],"wp:featuredmedia":[{"embeddable":true,"href":"https:\/\/reyma-mobiliario.com\/fr\/wp-json\/wp\/v2\/media\/21305"}],"wp:attachment":[{"href":"https:\/\/reyma-mobiliario.com\/fr\/wp-json\/wp\/v2\/media?parent=21302"}],"wp:term":[{"taxonomy":"product_brand","embeddable":true,"href":"https:\/\/reyma-mobiliario.com\/fr\/wp-json\/wp\/v2\/product_brand?post=21302"},{"taxonomy":"product_cat","embeddable":true,"href":"https:\/\/reyma-mobiliario.com\/fr\/wp-json\/wp\/v2\/product_cat?post=21302"},{"taxonomy":"product_tag","embeddable":true,"href":"https:\/\/reyma-mobiliario.com\/fr\/wp-json\/wp\/v2\/product_tag?post=21302"}],"curies":[{"name":"wp","href":"https:\/\/api.w.org\/{rel}","templated":true}]}}