{"id":21337,"date":"2020-09-23T10:00:37","date_gmt":"2021-11-03T11:21:37","guid":{"rendered":"https:\/\/reyma-mobiliario.com\/?post_type=product&#038;p=21337"},"modified":"2025-03-14T12:52:16","modified_gmt":"2025-03-14T11:52:16","slug":"chaise-de-bar-tivoli-textilene","status":"publish","type":"product","link":"https:\/\/reyma-mobiliario.com\/fr\/productos\/chaise-de-bar-tivoli-textilene\/","title":{"rendered":"Chaise de bar Tivoli Textilene"},"content":{"rendered":"<p>Chaise de bar de style parisien avec assise et dossier en textil\u00e8ne. Avec une structure en aluminium peint, il est id\u00e9al pour une utilisation en ext\u00e9rieur.<\/p>\n","protected":false},"excerpt":{"rendered":"<p><strong> Poids\u00a0: <\/strong> 4,35\u00a0Kg<\/p>\n<p><strong> Mat\u00e9riaux\u00a0: <\/strong><br \/>\nStructure aluminium peint d\u00e9co bambou<br \/>\nAssise et dossier en textile : noir ou latte.<\/p>\n<p><strong> Dimensions <\/strong>\u00a0:<br \/>\n<img loading=\"lazy\" decoding=\"async\" class=\"alignnone size-full wp-image-11924\" src=\"https:\/\/reyma-mobiliario.com\/wp-content\/uploads\/2025\/03\/2025-tivoli-banqueta.jpg\" alt=\"Dimensiones Banqueta Tivoli REYMA\" width=\"120\" height=\"120\" \/><\/p>\n","protected":false},"featured_media":23950,"template":"","meta":[],"product_brand":[],"product_cat":[1106,1107],"product_tag":[1168,1769,1326,1147],"class_list":{"0":"post-21337","1":"product","2":"type-product","3":"status-publish","4":"has-post-thumbnail","6":"product_cat-exterieur","7":"product_cat-tabouret-dexterieur","8":"product_tag-mobilier-dexterieur","9":"product_tag-nouvelles-2021","10":"product_tag-serie-tivoli-fr","11":"product_tag-tabourets","13":"first","14":"instock","15":"shipping-taxable","16":"purchasable","17":"product-type-variable"},"aioseo_notices":[],"_links":{"self":[{"href":"https:\/\/reyma-mobiliario.com\/fr\/wp-json\/wp\/v2\/product\/21337","targetHints":{"allow":["GET"]}}],"collection":[{"href":"https:\/\/reyma-mobiliario.com\/fr\/wp-json\/wp\/v2\/product"}],"about":[{"href":"https:\/\/reyma-mobiliario.com\/fr\/wp-json\/wp\/v2\/types\/product"}],"wp:featuredmedia":[{"embeddable":true,"href":"https:\/\/reyma-mobiliario.com\/fr\/wp-json\/wp\/v2\/media\/23950"}],"wp:attachment":[{"href":"https:\/\/reyma-mobiliario.com\/fr\/wp-json\/wp\/v2\/media?parent=21337"}],"wp:term":[{"taxonomy":"product_brand","embeddable":true,"href":"https:\/\/reyma-mobiliario.com\/fr\/wp-json\/wp\/v2\/product_brand?post=21337"},{"taxonomy":"product_cat","embeddable":true,"href":"https:\/\/reyma-mobiliario.com\/fr\/wp-json\/wp\/v2\/product_cat?post=21337"},{"taxonomy":"product_tag","embeddable":true,"href":"https:\/\/reyma-mobiliario.com\/fr\/wp-json\/wp\/v2\/product_tag?post=21337"}],"curies":[{"name":"wp","href":"https:\/\/api.w.org\/{rel}","templated":true}]}}