{"id":21361,"date":"2020-12-12T10:00:02","date_gmt":"2021-11-01T09:00:02","guid":{"rendered":"https:\/\/reyma-mobiliario.com\/?post_type=product&#038;p=21361"},"modified":"2025-03-14T11:57:30","modified_gmt":"2025-03-14T10:57:30","slug":"fauteuil-st-tropez","status":"publish","type":"product","link":"https:\/\/reyma-mobiliario.com\/fr\/productos\/fauteuil-st-tropez\/","title":{"rendered":"Fauteuil St.Tropez"},"content":{"rendered":"<p>Fauteuil avec structure en aluminium et assise en textil\u00e8ne. Convient pour une utilisation int\u00e9rieure et ext\u00e9rieure et empilable.<\/p>\n","protected":false},"excerpt":{"rendered":"<p><strong> Poids\u00a0: <\/strong> 3,95 Kg.<\/p>\n<p><strong> Mat\u00e9riaux\u00a0: <\/strong><br \/>\nCadre en aluminium peint d\u00e9co bambou<br \/>\nAssise et dossier en textil\u00e8ne : latte, noir, noir et blanc, bleu et blanc, rouge et blanc; et vert et blanc.<\/p>\n<p><strong> Dimensions <\/strong>\u00a0:<br \/>\n<img loading=\"lazy\" decoding=\"async\" class=\"alignnone size-full wp-image-11924\" src=\"https:\/\/reyma-mobiliario.com\/wp-content\/uploads\/2025\/03\/2025-sttropez-sillon.jpg\" alt=\"Dimensions fauteuil St.Tropez REYMA\" width=\"120\" height=\"120\" \/><\/p>\n","protected":false},"featured_media":23863,"template":"","meta":[],"product_brand":[],"product_cat":[1106,1112],"product_tag":[1361,1769,1782],"class_list":{"0":"post-21361","1":"product","2":"type-product","3":"status-publish","4":"has-post-thumbnail","6":"product_cat-exterieur","7":"product_cat-fauteuils-dexterieur","8":"product_tag-fauteuils-dexterieur","9":"product_tag-nouvelles-2021","10":"product_tag-serie-st-tropez-fr","12":"first","13":"instock","14":"shipping-taxable","15":"purchasable","16":"product-type-variable"},"aioseo_notices":[],"_links":{"self":[{"href":"https:\/\/reyma-mobiliario.com\/fr\/wp-json\/wp\/v2\/product\/21361","targetHints":{"allow":["GET"]}}],"collection":[{"href":"https:\/\/reyma-mobiliario.com\/fr\/wp-json\/wp\/v2\/product"}],"about":[{"href":"https:\/\/reyma-mobiliario.com\/fr\/wp-json\/wp\/v2\/types\/product"}],"wp:featuredmedia":[{"embeddable":true,"href":"https:\/\/reyma-mobiliario.com\/fr\/wp-json\/wp\/v2\/media\/23863"}],"wp:attachment":[{"href":"https:\/\/reyma-mobiliario.com\/fr\/wp-json\/wp\/v2\/media?parent=21361"}],"wp:term":[{"taxonomy":"product_brand","embeddable":true,"href":"https:\/\/reyma-mobiliario.com\/fr\/wp-json\/wp\/v2\/product_brand?post=21361"},{"taxonomy":"product_cat","embeddable":true,"href":"https:\/\/reyma-mobiliario.com\/fr\/wp-json\/wp\/v2\/product_cat?post=21361"},{"taxonomy":"product_tag","embeddable":true,"href":"https:\/\/reyma-mobiliario.com\/fr\/wp-json\/wp\/v2\/product_tag?post=21361"}],"curies":[{"name":"wp","href":"https:\/\/api.w.org\/{rel}","templated":true}]}}