{"id":21595,"date":"2023-11-05T10:00:44","date_gmt":"2022-01-01T09:00:44","guid":{"rendered":"https:\/\/reyma-mobiliario.com\/?post_type=product&#038;p=21595"},"modified":"2025-03-14T07:37:16","modified_gmt":"2025-03-14T06:37:16","slug":"sillon-cannes","status":"publish","type":"product","link":"https:\/\/reyma-mobiliario.com\/fr\/productos\/sillon-cannes\/","title":{"rendered":"Fauteuil Cannes"},"content":{"rendered":"<p>Fauteuil d&rsquo;ext\u00e9rieur avec coussins d&rsquo;assise et de dossier pour plus de confort. Fabriqu\u00e9 en aluminium, il convient \u00e0 un usage ext\u00e9rieur et int\u00e9rieur.<\/p>\n","protected":false},"excerpt":{"rendered":"<p><strong>Poids\u00a0:<\/strong> 4,20kg.<\/p>\n<p><strong>Mat\u00e9riaux\u00a0:<\/strong><br \/>\nStructure en aluminium peint en noir d\u00e9co et assise en osier synth\u00e9tique marron avec coussin.<br \/>\nEmpilable.<\/p>\n<p><strong>Dimensions<\/strong>\u00a0:<br \/>\n<img loading=\"lazy\" decoding=\"async\" class=\"alignnone size-full wp-image-11924\" src=\"https:\/\/reyma-mobiliario.com\/wp-content\/uploads\/2025\/03\/2025-cannes-sillon.jpg\" alt=\"Dimensiones Sill\u00f3n Cannes REYMA\" width=\"120\" height=\"120\" \/><\/p>\n","protected":false},"featured_media":23835,"template":"","meta":[],"product_brand":[],"product_cat":[1106,1112],"product_tag":[1349,1361,1799],"class_list":{"0":"post-21595","1":"product","2":"type-product","3":"status-publish","4":"has-post-thumbnail","6":"product_cat-exterieur","7":"product_cat-fauteuils-dexterieur","8":"product_tag-fauteuils","9":"product_tag-fauteuils-dexterieur","10":"product_tag-serie-cannes-fr","12":"first","13":"instock","14":"shipping-taxable","15":"product-type-simple"},"aioseo_notices":[],"_links":{"self":[{"href":"https:\/\/reyma-mobiliario.com\/fr\/wp-json\/wp\/v2\/product\/21595","targetHints":{"allow":["GET"]}}],"collection":[{"href":"https:\/\/reyma-mobiliario.com\/fr\/wp-json\/wp\/v2\/product"}],"about":[{"href":"https:\/\/reyma-mobiliario.com\/fr\/wp-json\/wp\/v2\/types\/product"}],"wp:featuredmedia":[{"embeddable":true,"href":"https:\/\/reyma-mobiliario.com\/fr\/wp-json\/wp\/v2\/media\/23835"}],"wp:attachment":[{"href":"https:\/\/reyma-mobiliario.com\/fr\/wp-json\/wp\/v2\/media?parent=21595"}],"wp:term":[{"taxonomy":"product_brand","embeddable":true,"href":"https:\/\/reyma-mobiliario.com\/fr\/wp-json\/wp\/v2\/product_brand?post=21595"},{"taxonomy":"product_cat","embeddable":true,"href":"https:\/\/reyma-mobiliario.com\/fr\/wp-json\/wp\/v2\/product_cat?post=21595"},{"taxonomy":"product_tag","embeddable":true,"href":"https:\/\/reyma-mobiliario.com\/fr\/wp-json\/wp\/v2\/product_tag?post=21595"}],"curies":[{"name":"wp","href":"https:\/\/api.w.org\/{rel}","templated":true}]}}