{"id":21912,"date":"2024-01-14T10:00:38","date_gmt":"2024-01-14T09:00:38","guid":{"rendered":"https:\/\/reyma-mobiliario.com\/?post_type=product&#038;p=21912"},"modified":"2026-03-13T09:53:16","modified_gmt":"2026-03-13T08:53:16","slug":"chaise-tivoli-textilene-uno","status":"publish","type":"product","link":"https:\/\/reyma-mobiliario.com\/fr\/productos\/chaise-tivoli-textilene-uno\/","title":{"rendered":"Chaise Tivoli Textilene UNO"},"content":{"rendered":"<p>Chaise de style parisien avec assise et dossier en textil\u00e8ne. Sa structure en aluminium est empilable et permet son utilisation en int\u00e9rieur comme en ext\u00e9rieur.<\/p>\n","protected":false},"excerpt":{"rendered":"<p><strong> Poids\u00a0: <\/strong> 3,30\u00a0kg<\/p>\n<p><strong> Mat\u00e9riaux <\/strong>\u00a0:<br \/>\nCadre en aluminium peint ch\u00eane naturel<br \/>\nAssise et dossier textil\u00e8ne: noir et blanc,\u00a0 vert et blanc, bleu et blanc, rouge et blanc.<\/p>\n<p><strong> Dimensions <\/strong>\u00a0:<br \/>\n<img loading=\"lazy\" decoding=\"async\" class=\"alignnone size-full wp-image-11924\" src=\"https:\/\/reyma-mobiliario.com\/wp-content\/uploads\/2025\/03\/2025-tivoli-silla.jpg\" alt=\"Dimensiones Silla Tivoli REYMA\" width=\"120\" height=\"120\" \/><\/p>\n","protected":false},"featured_media":29968,"template":"","meta":[],"product_brand":[],"product_cat":[1111,1106],"product_tag":[1347,1348,1168,2079,1797,1326],"class_list":{"0":"post-21912","1":"product","2":"type-product","3":"status-publish","4":"has-post-thumbnail","6":"product_cat-chaises-dexterieur","7":"product_cat-exterieur","8":"product_tag-chaises","9":"product_tag-chaises-dexterieur","10":"product_tag-mobilier-dexterieur","11":"product_tag-nouveau-2025","12":"product_tag-nouveautes-2022","13":"product_tag-serie-tivoli-fr","15":"first","16":"instock","17":"featured","18":"shipping-taxable","19":"purchasable","20":"product-type-variable"},"aioseo_notices":[],"_links":{"self":[{"href":"https:\/\/reyma-mobiliario.com\/fr\/wp-json\/wp\/v2\/product\/21912","targetHints":{"allow":["GET"]}}],"collection":[{"href":"https:\/\/reyma-mobiliario.com\/fr\/wp-json\/wp\/v2\/product"}],"about":[{"href":"https:\/\/reyma-mobiliario.com\/fr\/wp-json\/wp\/v2\/types\/product"}],"wp:featuredmedia":[{"embeddable":true,"href":"https:\/\/reyma-mobiliario.com\/fr\/wp-json\/wp\/v2\/media\/29968"}],"wp:attachment":[{"href":"https:\/\/reyma-mobiliario.com\/fr\/wp-json\/wp\/v2\/media?parent=21912"}],"wp:term":[{"taxonomy":"product_brand","embeddable":true,"href":"https:\/\/reyma-mobiliario.com\/fr\/wp-json\/wp\/v2\/product_brand?post=21912"},{"taxonomy":"product_cat","embeddable":true,"href":"https:\/\/reyma-mobiliario.com\/fr\/wp-json\/wp\/v2\/product_cat?post=21912"},{"taxonomy":"product_tag","embeddable":true,"href":"https:\/\/reyma-mobiliario.com\/fr\/wp-json\/wp\/v2\/product_tag?post=21912"}],"curies":[{"name":"wp","href":"https:\/\/api.w.org\/{rel}","templated":true}]}}