{"id":22107,"date":"2023-11-14T10:00:44","date_gmt":"2022-03-08T16:06:45","guid":{"rendered":"https:\/\/reyma-mobiliario.com\/?post_type=product&#038;p=22107"},"modified":"2025-03-13T12:41:15","modified_gmt":"2025-03-13T11:41:15","slug":"chaise-de-bar-filipinas-textilene-uno","status":"publish","type":"product","link":"https:\/\/reyma-mobiliario.com\/fr\/productos\/chaise-de-bar-filipinas-textilene-uno\/","title":{"rendered":"Chaise de bar Filipinas Textilene UNO"},"content":{"rendered":"<p>Chaise de bar pour l&rsquo;ext\u00e9rieur en aluminium peint d\u00e9co bambou. Assise et dossier disponibles en diff\u00e9rentes couleurs de textil\u00e8ne.<\/p>\n","protected":false},"excerpt":{"rendered":"<p><strong>Poids\u00a0:<\/strong> 5,05 Kg<\/p>\n<p><strong>Mat\u00e9riaux\u00a0:<\/strong><br \/>\nStructure en aluminium peint en bambou d\u00e9co<br \/>\nAssise et dossier : Textil\u00e8ne noir et blanc<\/p>\n<p>Deco bamboo painted aluminum frame<br \/>\nSeat and backrest Latte Textilene.<\/p>\n<p><strong>Dimensions<\/strong>\u00a0:<br \/>\n<img loading=\"lazy\" decoding=\"async\" class=\"alignnone size-full wp-image-11924\" src=\"https:\/\/reyma-mobiliario.com\/wp-content\/uploads\/2025\/03\/2025-filipinas-banqueta.jpg\" alt=\"Dimensiones Banqueta Filipinas REYMA\" width=\"120\" height=\"120\" \/><\/p>\n","protected":false},"featured_media":23947,"template":"","meta":[],"product_brand":[],"product_cat":[1106,1107],"product_tag":[1168,1797,1238,1358],"class_list":{"0":"post-22107","1":"product","2":"type-product","3":"status-publish","4":"has-post-thumbnail","6":"product_cat-exterieur","7":"product_cat-tabouret-dexterieur","8":"product_tag-mobilier-dexterieur","9":"product_tag-nouveautes-2022","10":"product_tag-serie-filipinas-fr","11":"product_tag-textilene-fr","13":"first","14":"instock","15":"shipping-taxable","16":"purchasable","17":"product-type-variable"},"aioseo_notices":[],"_links":{"self":[{"href":"https:\/\/reyma-mobiliario.com\/fr\/wp-json\/wp\/v2\/product\/22107","targetHints":{"allow":["GET"]}}],"collection":[{"href":"https:\/\/reyma-mobiliario.com\/fr\/wp-json\/wp\/v2\/product"}],"about":[{"href":"https:\/\/reyma-mobiliario.com\/fr\/wp-json\/wp\/v2\/types\/product"}],"wp:featuredmedia":[{"embeddable":true,"href":"https:\/\/reyma-mobiliario.com\/fr\/wp-json\/wp\/v2\/media\/23947"}],"wp:attachment":[{"href":"https:\/\/reyma-mobiliario.com\/fr\/wp-json\/wp\/v2\/media?parent=22107"}],"wp:term":[{"taxonomy":"product_brand","embeddable":true,"href":"https:\/\/reyma-mobiliario.com\/fr\/wp-json\/wp\/v2\/product_brand?post=22107"},{"taxonomy":"product_cat","embeddable":true,"href":"https:\/\/reyma-mobiliario.com\/fr\/wp-json\/wp\/v2\/product_cat?post=22107"},{"taxonomy":"product_tag","embeddable":true,"href":"https:\/\/reyma-mobiliario.com\/fr\/wp-json\/wp\/v2\/product_tag?post=22107"}],"curies":[{"name":"wp","href":"https:\/\/api.w.org\/{rel}","templated":true}]}}