{"id":22230,"date":"2023-11-04T10:00:40","date_gmt":"2022-04-19T07:25:40","guid":{"rendered":"https:\/\/reyma-mobiliario.com\/?post_type=product&#038;p=22230"},"modified":"2025-03-14T07:33:34","modified_gmt":"2025-03-14T06:33:34","slug":"fauteuil-formentera","status":"publish","type":"product","link":"https:\/\/reyma-mobiliario.com\/fr\/productos\/fauteuil-formentera\/","title":{"rendered":"Fauteuil Formentera"},"content":{"rendered":"<p>Fauteuil d&rsquo;ext\u00e9rieur avec coussin d&rsquo;assise. Fabriqu\u00e9 en aluminium, il convient \u00e0 un usage ext\u00e9rieur et int\u00e9rieur.<\/p>\n","protected":false},"excerpt":{"rendered":"<p><strong>Poids\u00a0:<\/strong> 4,10Kg.<\/p>\n<p><strong>Mat\u00e9riaux\u00a0:<\/strong><br \/>\nStructure en aluminium peint en noir d\u00e9co et si\u00e8ge en osier synth\u00e9tique marron avec coussin.<br \/>\nCadre en aluminium peint en pierre d\u00e9co et assise en pierre \u00e0 moelle avec coussin.<\/p>\n<p>empilable<\/p>\n<p><strong>Dimensions<\/strong>\u00a0:<br \/>\n<img loading=\"lazy\" decoding=\"async\" class=\"alignnone size-full wp-image-11924\" src=\"https:\/\/reyma-mobiliario.com\/wp-content\/uploads\/2022\/06\/formentera.jpg\" alt=\"Dimensiones Sill\u00f3n Formentera REYMA\" width=\"120\" height=\"120\" \/><\/p>\n","protected":false},"featured_media":23901,"template":"","meta":[],"product_brand":[],"product_cat":[1106,1112],"product_tag":[1349,1361,1814],"class_list":{"0":"post-22230","1":"product","2":"type-product","3":"status-publish","4":"has-post-thumbnail","6":"product_cat-exterieur","7":"product_cat-fauteuils-dexterieur","8":"product_tag-fauteuils","9":"product_tag-fauteuils-dexterieur","10":"product_tag-serie-formentera-fr","12":"first","13":"instock","14":"shipping-taxable","15":"purchasable","16":"product-type-variable"},"aioseo_notices":[],"_links":{"self":[{"href":"https:\/\/reyma-mobiliario.com\/fr\/wp-json\/wp\/v2\/product\/22230","targetHints":{"allow":["GET"]}}],"collection":[{"href":"https:\/\/reyma-mobiliario.com\/fr\/wp-json\/wp\/v2\/product"}],"about":[{"href":"https:\/\/reyma-mobiliario.com\/fr\/wp-json\/wp\/v2\/types\/product"}],"wp:featuredmedia":[{"embeddable":true,"href":"https:\/\/reyma-mobiliario.com\/fr\/wp-json\/wp\/v2\/media\/23901"}],"wp:attachment":[{"href":"https:\/\/reyma-mobiliario.com\/fr\/wp-json\/wp\/v2\/media?parent=22230"}],"wp:term":[{"taxonomy":"product_brand","embeddable":true,"href":"https:\/\/reyma-mobiliario.com\/fr\/wp-json\/wp\/v2\/product_brand?post=22230"},{"taxonomy":"product_cat","embeddable":true,"href":"https:\/\/reyma-mobiliario.com\/fr\/wp-json\/wp\/v2\/product_cat?post=22230"},{"taxonomy":"product_tag","embeddable":true,"href":"https:\/\/reyma-mobiliario.com\/fr\/wp-json\/wp\/v2\/product_tag?post=22230"}],"curies":[{"name":"wp","href":"https:\/\/api.w.org\/{rel}","templated":true}]}}