{"id":22248,"date":"2002-04-19T10:00:17","date_gmt":"2022-04-19T09:40:18","guid":{"rendered":"https:\/\/reyma-mobiliario.com\/?post_type=product&#038;p=22248"},"modified":"2023-11-13T09:14:01","modified_gmt":"2023-11-13T08:14:01","slug":"table-oslo-f-f-copia","status":"publish","type":"product","link":"https:\/\/reyma-mobiliario.com\/fr\/productos\/table-oslo-f-f-copia\/","title":{"rendered":"Table Oslo"},"content":{"rendered":"<p>Table avec pied en fonte tr\u00e8s r\u00e9sistant, sp\u00e9cialement pour les environnements int\u00e9rieurs. Sa conception robuste permet tout type de planche avec des mensurations larges.<\/p>\n","protected":false},"excerpt":{"rendered":"<p><strong>Hauteur\u00a0:<\/strong> 75\u00a0cm<\/p>\n<p><strong>Mat\u00e9riaux<\/strong>\u00a0:<br \/>\nPied en fonte.<\/p>\n<p>Finition: Werzalit, Compact et Melamine.<\/p>\n<p><strong>Mesures de la planche\u00a0:<\/strong><br \/>\n100&#215;60, 110&#215;70 et 120&#215;80<\/p>\n","protected":false},"featured_media":14675,"template":"","meta":[],"product_brand":[],"product_cat":[1114,1119],"product_tag":[1162,1169,1295,1166],"class_list":{"0":"post-22248","1":"product","2":"type-product","3":"status-publish","4":"has-post-thumbnail","6":"product_cat-interieur","7":"product_cat-tables-dinterieur","8":"product_tag-fonte","9":"product_tag-mobilier-interieur","10":"product_tag-serie-oslo-fr","11":"product_tag-tables-fr","13":"first","14":"instock","15":"shipping-taxable","16":"product-type-variable"},"aioseo_notices":[],"_links":{"self":[{"href":"https:\/\/reyma-mobiliario.com\/fr\/wp-json\/wp\/v2\/product\/22248","targetHints":{"allow":["GET"]}}],"collection":[{"href":"https:\/\/reyma-mobiliario.com\/fr\/wp-json\/wp\/v2\/product"}],"about":[{"href":"https:\/\/reyma-mobiliario.com\/fr\/wp-json\/wp\/v2\/types\/product"}],"wp:featuredmedia":[{"embeddable":true,"href":"https:\/\/reyma-mobiliario.com\/fr\/wp-json\/wp\/v2\/media\/14675"}],"wp:attachment":[{"href":"https:\/\/reyma-mobiliario.com\/fr\/wp-json\/wp\/v2\/media?parent=22248"}],"wp:term":[{"taxonomy":"product_brand","embeddable":true,"href":"https:\/\/reyma-mobiliario.com\/fr\/wp-json\/wp\/v2\/product_brand?post=22248"},{"taxonomy":"product_cat","embeddable":true,"href":"https:\/\/reyma-mobiliario.com\/fr\/wp-json\/wp\/v2\/product_cat?post=22248"},{"taxonomy":"product_tag","embeddable":true,"href":"https:\/\/reyma-mobiliario.com\/fr\/wp-json\/wp\/v2\/product_tag?post=22248"}],"curies":[{"name":"wp","href":"https:\/\/api.w.org\/{rel}","templated":true}]}}