{"id":22294,"date":"2018-08-04T10:00:22","date_gmt":"2022-04-19T10:33:24","guid":{"rendered":"https:\/\/reyma-mobiliario.com\/?post_type=product&#038;p=22294"},"modified":"2023-11-13T12:44:20","modified_gmt":"2023-11-13T11:44:20","slug":"table-oslo-3p","status":"publish","type":"product","link":"https:\/\/reyma-mobiliario.com\/fr\/productos\/table-oslo-3p\/","title":{"rendered":"Table Oslo 3p 9770"},"content":{"rendered":"<p>La table avec pied en aluminium disponible en deux couleurs convient \u00e0 l&rsquo;int\u00e9rieur et \u00e0 l&rsquo;ext\u00e9rieur. Possibilit\u00e9 d&rsquo;incorporer un contrepoids dans le pied pour augmenter la stabilit\u00e9. \u00c9galement disponible avec syst\u00e8me de pliage.<\/p>\n","protected":false},"excerpt":{"rendered":"<p><strong>Hauteur\u00a0:<\/strong> 75\u00a0cm<\/p>\n<p><strong>Mat\u00e9riaux<\/strong>\u00a0:<br \/>\nPied en aluminium peint gris ou graphite<br \/>\nPlateau: werzalit, Compact.<\/p>\n<p><strong>Mesures de plateaux:<\/strong><br \/>\n60\u00d8 ou 70\u00d8<\/p>\n","protected":false},"featured_media":14658,"template":"","meta":[],"product_brand":[],"product_cat":[1106,1110],"product_tag":[1144,1168,1169,1295,1166],"class_list":{"0":"post-22294","1":"product","2":"type-product","3":"status-publish","4":"has-post-thumbnail","6":"product_cat-exterieur","7":"product_cat-tables-dexterieur","8":"product_tag-aluminium","9":"product_tag-mobilier-dexterieur","10":"product_tag-mobilier-interieur","11":"product_tag-serie-oslo-fr","12":"product_tag-tables-fr","14":"first","15":"instock","16":"shipping-taxable","17":"product-type-simple"},"aioseo_notices":[],"_links":{"self":[{"href":"https:\/\/reyma-mobiliario.com\/fr\/wp-json\/wp\/v2\/product\/22294","targetHints":{"allow":["GET"]}}],"collection":[{"href":"https:\/\/reyma-mobiliario.com\/fr\/wp-json\/wp\/v2\/product"}],"about":[{"href":"https:\/\/reyma-mobiliario.com\/fr\/wp-json\/wp\/v2\/types\/product"}],"wp:featuredmedia":[{"embeddable":true,"href":"https:\/\/reyma-mobiliario.com\/fr\/wp-json\/wp\/v2\/media\/14658"}],"wp:attachment":[{"href":"https:\/\/reyma-mobiliario.com\/fr\/wp-json\/wp\/v2\/media?parent=22294"}],"wp:term":[{"taxonomy":"product_brand","embeddable":true,"href":"https:\/\/reyma-mobiliario.com\/fr\/wp-json\/wp\/v2\/product_brand?post=22294"},{"taxonomy":"product_cat","embeddable":true,"href":"https:\/\/reyma-mobiliario.com\/fr\/wp-json\/wp\/v2\/product_cat?post=22294"},{"taxonomy":"product_tag","embeddable":true,"href":"https:\/\/reyma-mobiliario.com\/fr\/wp-json\/wp\/v2\/product_tag?post=22294"}],"curies":[{"name":"wp","href":"https:\/\/api.w.org\/{rel}","templated":true}]}}