{"id":22441,"date":"2017-05-10T10:00:06","date_gmt":"2022-04-27T07:35:07","guid":{"rendered":"https:\/\/reyma-mobiliario.com\/?post_type=product&#038;p=22441"},"modified":"2024-09-10T08:44:43","modified_gmt":"2024-09-10T06:44:43","slug":"table-nuevo-manila","status":"publish","type":"product","link":"https:\/\/reyma-mobiliario.com\/fr\/productos\/table-nuevo-manila\/","title":{"rendered":"Table Nuevo Manila 5390"},"content":{"rendered":"<p>Table Nuevo Manila disponible en deux finitions et avec une structure en aluminium. Il s&rsquo;adapte aux environnements ext\u00e9rieurs et int\u00e9rieurs et pour les mesures de planche \u00e0 partir de \u00d870.<\/p>\n","protected":false},"excerpt":{"rendered":"<p><strong>Hauteur\u00a0:<\/strong> 75\u00a0cm<\/p>\n<p><strong>Mat\u00e9riaux<\/strong>\u00a0:<br \/>\nStructure en aluminium peint d\u00e9co noyer ou d\u00e9co bambou<\/p>\n<p>Plateaux : Werzalit ou Compact<\/p>\n<p><strong>Mesures du plateau<\/strong><br \/>\n\u00d870 et \u00d880<br \/>\n70&#215;70 et 80&#215;80<\/p>\n","protected":false},"featured_media":27592,"template":"","meta":[],"product_brand":[],"product_cat":[1106,1110],"product_tag":[1797,1816,1166],"class_list":{"0":"post-22441","1":"product","2":"type-product","3":"status-publish","4":"has-post-thumbnail","6":"product_cat-exterieur","7":"product_cat-tables-dexterieur","8":"product_tag-nouveautes-2022","9":"product_tag-serie-nuevo-manila-fr","10":"product_tag-tables-fr","12":"first","13":"instock","14":"shipping-taxable","15":"purchasable","16":"product-type-variable"},"aioseo_notices":[],"_links":{"self":[{"href":"https:\/\/reyma-mobiliario.com\/fr\/wp-json\/wp\/v2\/product\/22441","targetHints":{"allow":["GET"]}}],"collection":[{"href":"https:\/\/reyma-mobiliario.com\/fr\/wp-json\/wp\/v2\/product"}],"about":[{"href":"https:\/\/reyma-mobiliario.com\/fr\/wp-json\/wp\/v2\/types\/product"}],"wp:featuredmedia":[{"embeddable":true,"href":"https:\/\/reyma-mobiliario.com\/fr\/wp-json\/wp\/v2\/media\/27592"}],"wp:attachment":[{"href":"https:\/\/reyma-mobiliario.com\/fr\/wp-json\/wp\/v2\/media?parent=22441"}],"wp:term":[{"taxonomy":"product_brand","embeddable":true,"href":"https:\/\/reyma-mobiliario.com\/fr\/wp-json\/wp\/v2\/product_brand?post=22441"},{"taxonomy":"product_cat","embeddable":true,"href":"https:\/\/reyma-mobiliario.com\/fr\/wp-json\/wp\/v2\/product_cat?post=22441"},{"taxonomy":"product_tag","embeddable":true,"href":"https:\/\/reyma-mobiliario.com\/fr\/wp-json\/wp\/v2\/product_tag?post=22441"}],"curies":[{"name":"wp","href":"https:\/\/api.w.org\/{rel}","templated":true}]}}