{"id":22512,"date":"2021-01-09T10:00:39","date_gmt":"2022-05-10T07:04:39","guid":{"rendered":"https:\/\/reyma-mobiliario.com\/?post_type=product&#038;p=22512"},"modified":"2025-06-17T10:51:36","modified_gmt":"2025-06-17T08:51:36","slug":"table-paris","status":"publish","type":"product","link":"https:\/\/reyma-mobiliario.com\/fr\/productos\/table-paris\/","title":{"rendered":"Table Paris 7004"},"content":{"rendered":"<p>La table con\u00e7ue pour les int\u00e9rieurs permet son utilisation dans des ext\u00e9rieurs couverts et climatis\u00e9s.Elle autorise tous les types de plateaux et est sp\u00e9cialement con\u00e7ue pour un usage int\u00e9rieur.<\/p>\n","protected":false},"excerpt":{"rendered":"<p><strong> Hauteur: <\/strong> 75 cm<\/p>\n<p><strong> Mat\u00e9riaux <\/strong>:<br \/>\nPied en fonte<br \/>\nPlateaux finition: Werzalit, Compact et m\u00e9lamine.<\/p>\n<p><strong> Mesures du plateaux: <\/strong><br \/>\n80\u00d8, 90\u00d8, 60&#215;60, 70&#215;70, 80&#215;80 et 90&#215;90<\/p>\n<div><\/div>\n","protected":false},"featured_media":26029,"template":"","meta":[],"product_brand":[],"product_cat":[1114,1119],"product_tag":[1162,1169,1299,1166],"class_list":{"0":"post-22512","1":"product","2":"type-product","3":"status-publish","4":"has-post-thumbnail","6":"product_cat-interieur","7":"product_cat-tables-dinterieur","8":"product_tag-fonte","9":"product_tag-mobilier-interieur","10":"product_tag-serie-paris-fr","11":"product_tag-tables-fr","13":"first","14":"instock","15":"shipping-taxable","16":"purchasable","17":"product-type-variable"},"aioseo_notices":[],"_links":{"self":[{"href":"https:\/\/reyma-mobiliario.com\/fr\/wp-json\/wp\/v2\/product\/22512","targetHints":{"allow":["GET"]}}],"collection":[{"href":"https:\/\/reyma-mobiliario.com\/fr\/wp-json\/wp\/v2\/product"}],"about":[{"href":"https:\/\/reyma-mobiliario.com\/fr\/wp-json\/wp\/v2\/types\/product"}],"wp:featuredmedia":[{"embeddable":true,"href":"https:\/\/reyma-mobiliario.com\/fr\/wp-json\/wp\/v2\/media\/26029"}],"wp:attachment":[{"href":"https:\/\/reyma-mobiliario.com\/fr\/wp-json\/wp\/v2\/media?parent=22512"}],"wp:term":[{"taxonomy":"product_brand","embeddable":true,"href":"https:\/\/reyma-mobiliario.com\/fr\/wp-json\/wp\/v2\/product_brand?post=22512"},{"taxonomy":"product_cat","embeddable":true,"href":"https:\/\/reyma-mobiliario.com\/fr\/wp-json\/wp\/v2\/product_cat?post=22512"},{"taxonomy":"product_tag","embeddable":true,"href":"https:\/\/reyma-mobiliario.com\/fr\/wp-json\/wp\/v2\/product_tag?post=22512"}],"curies":[{"name":"wp","href":"https:\/\/api.w.org\/{rel}","templated":true}]}}