{"id":22520,"date":"2021-02-03T10:00:18","date_gmt":"2022-05-10T07:56:19","guid":{"rendered":"https:\/\/reyma-mobiliario.com\/?post_type=product&#038;p=22520"},"modified":"2025-07-09T09:18:16","modified_gmt":"2025-07-09T07:18:16","slug":"table-paris-haute-7114","status":"publish","type":"product","link":"https:\/\/reyma-mobiliario.com\/fr\/productos\/table-paris-haute-7114\/","title":{"rendered":"Table Paris haute 7114"},"content":{"rendered":"<p>Table haute avec pied en fonte, con\u00e7ue pour une utilisation en int\u00e9rieur avec possibilit\u00e9 d&rsquo;utilisation en ext\u00e9rieur sur des terrasses couvertes et climatis\u00e9es.<\/p>\n","protected":false},"excerpt":{"rendered":"<p><strong> Hauteur: <\/strong> 110 cm<\/p>\n<p><strong> Mat\u00e9riaux <\/strong>:<br \/>\nPied en fonte<br \/>\nPlanches finition: Werzalit, Compact et m\u00e9lamine.<\/p>\n<p><strong> Dimensions du tableau: <\/strong><br \/>\n60&#215;60 et 70&#215;70<\/p>\n","protected":false},"featured_media":17306,"template":"","meta":[],"product_brand":[],"product_cat":[1114,1119],"product_tag":[1162,1169,1299,1166],"class_list":{"0":"post-22520","1":"product","2":"type-product","3":"status-publish","4":"has-post-thumbnail","6":"product_cat-interieur","7":"product_cat-tables-dinterieur","8":"product_tag-fonte","9":"product_tag-mobilier-interieur","10":"product_tag-serie-paris-fr","11":"product_tag-tables-fr","13":"first","14":"instock","15":"shipping-taxable","16":"product-type-variable"},"aioseo_notices":[],"_links":{"self":[{"href":"https:\/\/reyma-mobiliario.com\/fr\/wp-json\/wp\/v2\/product\/22520","targetHints":{"allow":["GET"]}}],"collection":[{"href":"https:\/\/reyma-mobiliario.com\/fr\/wp-json\/wp\/v2\/product"}],"about":[{"href":"https:\/\/reyma-mobiliario.com\/fr\/wp-json\/wp\/v2\/types\/product"}],"wp:featuredmedia":[{"embeddable":true,"href":"https:\/\/reyma-mobiliario.com\/fr\/wp-json\/wp\/v2\/media\/17306"}],"wp:attachment":[{"href":"https:\/\/reyma-mobiliario.com\/fr\/wp-json\/wp\/v2\/media?parent=22520"}],"wp:term":[{"taxonomy":"product_brand","embeddable":true,"href":"https:\/\/reyma-mobiliario.com\/fr\/wp-json\/wp\/v2\/product_brand?post=22520"},{"taxonomy":"product_cat","embeddable":true,"href":"https:\/\/reyma-mobiliario.com\/fr\/wp-json\/wp\/v2\/product_cat?post=22520"},{"taxonomy":"product_tag","embeddable":true,"href":"https:\/\/reyma-mobiliario.com\/fr\/wp-json\/wp\/v2\/product_tag?post=22520"}],"curies":[{"name":"wp","href":"https:\/\/api.w.org\/{rel}","templated":true}]}}