{"id":22854,"date":"2013-06-01T10:00:37","date_gmt":"2022-06-01T09:47:38","guid":{"rendered":"https:\/\/reyma-mobiliario.com\/?post_type=product&#038;p=22854"},"modified":"2023-11-13T09:13:41","modified_gmt":"2023-11-13T08:13:41","slug":"table-marbella-3p","status":"publish","type":"product","link":"https:\/\/reyma-mobiliario.com\/fr\/productos\/table-marbella-3p\/","title":{"rendered":"Table Marbella 3p"},"content":{"rendered":"<p>Table \u00e0 3 points de style vintage moderne au design industriel en fonte.<\/p>\n","protected":false},"excerpt":{"rendered":"<p><strong> Hauteur: <\/strong> 75 cm<\/p>\n<p><strong> Mat\u00e9riaux <\/strong>:<br \/>\nPied en fonte<br \/>\nPlateaux: Werzalit, Compact et m\u00e9lamine.<\/p>\n<p><strong> Dimensions du plateaux: <\/strong><br \/>\n60\u00d8, 70\u00d8, 80\u00d8.<\/p>\n","protected":false},"featured_media":22862,"template":"","meta":[],"product_brand":[],"product_cat":[1114,1119],"product_tag":[1162,1169,1266,1166],"class_list":{"0":"post-22854","1":"product","2":"type-product","3":"status-publish","4":"has-post-thumbnail","6":"product_cat-interieur","7":"product_cat-tables-dinterieur","8":"product_tag-fonte","9":"product_tag-mobilier-interieur","10":"product_tag-serie-marbella-fr","11":"product_tag-tables-fr","13":"first","14":"instock","15":"shipping-taxable","16":"product-type-simple"},"aioseo_notices":[],"_links":{"self":[{"href":"https:\/\/reyma-mobiliario.com\/fr\/wp-json\/wp\/v2\/product\/22854","targetHints":{"allow":["GET"]}}],"collection":[{"href":"https:\/\/reyma-mobiliario.com\/fr\/wp-json\/wp\/v2\/product"}],"about":[{"href":"https:\/\/reyma-mobiliario.com\/fr\/wp-json\/wp\/v2\/types\/product"}],"wp:featuredmedia":[{"embeddable":true,"href":"https:\/\/reyma-mobiliario.com\/fr\/wp-json\/wp\/v2\/media\/22862"}],"wp:attachment":[{"href":"https:\/\/reyma-mobiliario.com\/fr\/wp-json\/wp\/v2\/media?parent=22854"}],"wp:term":[{"taxonomy":"product_brand","embeddable":true,"href":"https:\/\/reyma-mobiliario.com\/fr\/wp-json\/wp\/v2\/product_brand?post=22854"},{"taxonomy":"product_cat","embeddable":true,"href":"https:\/\/reyma-mobiliario.com\/fr\/wp-json\/wp\/v2\/product_cat?post=22854"},{"taxonomy":"product_tag","embeddable":true,"href":"https:\/\/reyma-mobiliario.com\/fr\/wp-json\/wp\/v2\/product_tag?post=22854"}],"curies":[{"name":"wp","href":"https:\/\/api.w.org\/{rel}","templated":true}]}}