{"id":23128,"date":"2019-06-02T10:00:29","date_gmt":"2022-06-20T10:15:30","guid":{"rendered":"https:\/\/reyma-mobiliario.com\/?post_type=product&#038;p=23128"},"modified":"2025-03-14T08:06:33","modified_gmt":"2025-03-14T07:06:33","slug":"fauteuil-barbados","status":"publish","type":"product","link":"https:\/\/reyma-mobiliario.com\/fr\/productos\/fauteuil-barbados\/","title":{"rendered":"Fauteuil Barbados"},"content":{"rendered":"<p>Fauteuil empilable de style Tropical aux formes arrondies. Fabriqu\u00e9 en aluminium, il convient \u00e0 un usage ext\u00e9rieur et int\u00e9rieur.<\/p>\n","protected":false},"excerpt":{"rendered":"<p><strong>Poids<\/strong>\u00a0: 4,45\u00a0kg<\/p>\n<p><strong>Mat\u00e9riaux<\/strong>\u00a0:<br \/>\nCadre en aluminium peint d\u00e9co-bambou avec assise et dossier en osier atlas<br \/>\nCadre en aluminium peint d\u00e9co blanc avec assise et dossier en osier old blanc<\/p>\n<p><strong>Dimensions<\/strong>\u00a0:<br \/>\n<img loading=\"lazy\" decoding=\"async\" class=\"alignnone size-full wp-image-11924\" src=\"https:\/\/reyma-mobiliario.com\/wp-content\/uploads\/2025\/03\/2025-barbados-sillon.jpg\" alt=\"Dimensiones Sill\u00f3n Barbados REYMA\" width=\"120\" height=\"120\" \/><\/p>\n","protected":false},"featured_media":23820,"template":"","meta":[],"product_brand":[],"product_cat":[1106,1112],"product_tag":[1348,1797,1829],"class_list":{"0":"post-23128","1":"product","2":"type-product","3":"status-publish","4":"has-post-thumbnail","6":"product_cat-exterieur","7":"product_cat-fauteuils-dexterieur","8":"product_tag-chaises-dexterieur","9":"product_tag-nouveautes-2022","10":"product_tag-serie-barbados-fr","12":"first","13":"instock","14":"featured","15":"shipping-taxable","16":"purchasable","17":"product-type-variable"},"aioseo_notices":[],"_links":{"self":[{"href":"https:\/\/reyma-mobiliario.com\/fr\/wp-json\/wp\/v2\/product\/23128","targetHints":{"allow":["GET"]}}],"collection":[{"href":"https:\/\/reyma-mobiliario.com\/fr\/wp-json\/wp\/v2\/product"}],"about":[{"href":"https:\/\/reyma-mobiliario.com\/fr\/wp-json\/wp\/v2\/types\/product"}],"wp:featuredmedia":[{"embeddable":true,"href":"https:\/\/reyma-mobiliario.com\/fr\/wp-json\/wp\/v2\/media\/23820"}],"wp:attachment":[{"href":"https:\/\/reyma-mobiliario.com\/fr\/wp-json\/wp\/v2\/media?parent=23128"}],"wp:term":[{"taxonomy":"product_brand","embeddable":true,"href":"https:\/\/reyma-mobiliario.com\/fr\/wp-json\/wp\/v2\/product_brand?post=23128"},{"taxonomy":"product_cat","embeddable":true,"href":"https:\/\/reyma-mobiliario.com\/fr\/wp-json\/wp\/v2\/product_cat?post=23128"},{"taxonomy":"product_tag","embeddable":true,"href":"https:\/\/reyma-mobiliario.com\/fr\/wp-json\/wp\/v2\/product_tag?post=23128"}],"curies":[{"name":"wp","href":"https:\/\/api.w.org\/{rel}","templated":true}]}}