{"id":23151,"date":"2024-01-10T10:00:55","date_gmt":"2022-07-04T06:08:55","guid":{"rendered":"https:\/\/reyma-mobiliario.com\/?post_type=product&#038;p=23151"},"modified":"2023-07-21T08:56:08","modified_gmt":"2023-07-21T06:56:08","slug":"ensemble-orleans-cremona-w","status":"publish","type":"product","link":"https:\/\/reyma-mobiliario.com\/fr\/productos\/ensemble-orleans-cremona-w\/","title":{"rendered":"Ensemble Orleans-Cremona W"},"content":{"rendered":"<p>Ensemble avec table orleans avec colonne tourn\u00e9e et fauteuil cremona avec pied W et chaise arona.<\/p>\n","protected":false},"excerpt":{"rendered":"<p>Chaise Arona noire avec rev\u00eatement en bois de santal<\/p>\n<p>Fauteuil Cremona avec pied noir W et rev\u00eatement en bois de santal<\/p>\n<p>Table orleans noire avec plateau carr\u00e9 M\u00e1rmol Almer\u00eda<\/p>\n","protected":false},"featured_media":23154,"template":"","meta":[],"product_brand":[],"product_cat":[1103,1105],"product_tag":[1157],"class_list":{"0":"post-23151","1":"product","2":"type-product","3":"status-publish","4":"has-post-thumbnail","6":"product_cat-ensembles","7":"product_cat-ensembles-dinterieur","8":"product_tag-ensembles","10":"first","11":"instock","12":"shipping-taxable","13":"product-type-simple"},"aioseo_notices":[],"_links":{"self":[{"href":"https:\/\/reyma-mobiliario.com\/fr\/wp-json\/wp\/v2\/product\/23151","targetHints":{"allow":["GET"]}}],"collection":[{"href":"https:\/\/reyma-mobiliario.com\/fr\/wp-json\/wp\/v2\/product"}],"about":[{"href":"https:\/\/reyma-mobiliario.com\/fr\/wp-json\/wp\/v2\/types\/product"}],"wp:featuredmedia":[{"embeddable":true,"href":"https:\/\/reyma-mobiliario.com\/fr\/wp-json\/wp\/v2\/media\/23154"}],"wp:attachment":[{"href":"https:\/\/reyma-mobiliario.com\/fr\/wp-json\/wp\/v2\/media?parent=23151"}],"wp:term":[{"taxonomy":"product_brand","embeddable":true,"href":"https:\/\/reyma-mobiliario.com\/fr\/wp-json\/wp\/v2\/product_brand?post=23151"},{"taxonomy":"product_cat","embeddable":true,"href":"https:\/\/reyma-mobiliario.com\/fr\/wp-json\/wp\/v2\/product_cat?post=23151"},{"taxonomy":"product_tag","embeddable":true,"href":"https:\/\/reyma-mobiliario.com\/fr\/wp-json\/wp\/v2\/product_tag?post=23151"}],"curies":[{"name":"wp","href":"https:\/\/api.w.org\/{rel}","templated":true}]}}