{"id":23353,"date":"2022-06-02T10:00:35","date_gmt":"2022-07-11T10:36:39","guid":{"rendered":"https:\/\/reyma-mobiliario.com\/?post_type=product&#038;p=23353"},"modified":"2023-11-09T11:10:48","modified_gmt":"2023-11-09T10:10:48","slug":"fauteuil-cremona-w","status":"publish","type":"product","link":"https:\/\/reyma-mobiliario.com\/fr\/productos\/fauteuil-cremona-w\/","title":{"rendered":"Fauteuil Cremona W"},"content":{"rendered":"<p>Fauteuil rembourr\u00e9 en huit couleurs diff\u00e9rentes et structure en acier peint en noir. Adapt\u00e9 \u00e0 un usage int\u00e9rieur, c&rsquo;est un fauteuil tr\u00e8s confortable.<\/p>\n","protected":false},"excerpt":{"rendered":"<p><strong> Poids <\/strong>: 9,90 kg<\/p>\n<p><strong> Mat\u00e9riaux <\/strong>:<br \/>\nRembourr\u00e9 P.U: samba, bois de santal, indiana, panama, gris, moutarde, vert ou bleu.<br \/>\nPied W en acier peint noir<\/p>\n<p><strong>Assemblage\u00a0:<\/strong><br \/>\nBesoin d&rsquo;assemblage.<br \/>\nCarter + Pied<\/p>\n<p><strong> Dimensions <\/strong>:<br \/>\n<img loading=\"lazy\" decoding=\"async\" class=\"alignnone size-full wp-image-11924\" src=\"https:\/\/reyma-mobiliario.com\/wp-content\/uploads\/2022\/06\/cremona-sillon-w.jpg\" alt=\"Dimensiones sill\u00f3n cremona REYMA\" width=\"120\" height=\"120\" \/><\/p>\n","protected":false},"featured_media":22906,"template":"","meta":[],"product_brand":[],"product_cat":[1124,1114],"product_tag":[1362,1769,1704],"class_list":{"0":"post-23353","1":"product","2":"type-product","3":"status-publish","4":"has-post-thumbnail","6":"product_cat-fauteuils-dinterieur-fr","7":"product_cat-interieur","8":"product_tag-fauteuil","9":"product_tag-nouvelles-2021","10":"product_tag-serie-cremona-fr","12":"first","13":"instock","14":"shipping-taxable","15":"purchasable","16":"product-type-variable"},"aioseo_notices":[],"_links":{"self":[{"href":"https:\/\/reyma-mobiliario.com\/fr\/wp-json\/wp\/v2\/product\/23353","targetHints":{"allow":["GET"]}}],"collection":[{"href":"https:\/\/reyma-mobiliario.com\/fr\/wp-json\/wp\/v2\/product"}],"about":[{"href":"https:\/\/reyma-mobiliario.com\/fr\/wp-json\/wp\/v2\/types\/product"}],"wp:featuredmedia":[{"embeddable":true,"href":"https:\/\/reyma-mobiliario.com\/fr\/wp-json\/wp\/v2\/media\/22906"}],"wp:attachment":[{"href":"https:\/\/reyma-mobiliario.com\/fr\/wp-json\/wp\/v2\/media?parent=23353"}],"wp:term":[{"taxonomy":"product_brand","embeddable":true,"href":"https:\/\/reyma-mobiliario.com\/fr\/wp-json\/wp\/v2\/product_brand?post=23353"},{"taxonomy":"product_cat","embeddable":true,"href":"https:\/\/reyma-mobiliario.com\/fr\/wp-json\/wp\/v2\/product_cat?post=23353"},{"taxonomy":"product_tag","embeddable":true,"href":"https:\/\/reyma-mobiliario.com\/fr\/wp-json\/wp\/v2\/product_tag?post=23353"}],"curies":[{"name":"wp","href":"https:\/\/api.w.org\/{rel}","templated":true}]}}