{"id":23421,"date":"2020-08-14T10:00:19","date_gmt":"2022-07-11T11:27:21","guid":{"rendered":"https:\/\/reyma-mobiliario.com\/?post_type=product&#038;p=23421"},"modified":"2022-10-05T08:44:39","modified_gmt":"2022-10-05T06:44:39","slug":"fauteuil-lugano-w","status":"publish","type":"product","link":"https:\/\/reyma-mobiliario.com\/fr\/productos\/fauteuil-lugano-w\/","title":{"rendered":"Fauteuil Lugano W"},"content":{"rendered":"<p>Fauteuil robuste avec nouveau pied W et tapiss\u00e9 en diff\u00e9rentes couleurs. Con\u00e7u pour les grands espaces int\u00e9rieurs.<\/p>\n<div><\/div>\n<div><\/div>\n","protected":false},"excerpt":{"rendered":"<p><strong> Poids <\/strong>:<br \/>\nAvec pied W: 11,20 Kg<\/p>\n<p><strong> Mat\u00e9riaux <\/strong>: P.U rembourr\u00e9: blanc, cachemire, marron et albero<br \/>\n<strong> Pied: <\/strong> Structure en acier W painte en noir.<\/p>\n<p><strong>Assemblage\u00a0:<\/strong><br \/>\nBesoin d&rsquo;assemblage.<br \/>\nAssise + Pied<\/p>\n<p><strong>Dimensions<\/strong>:<br \/>\n<!-- <img loading=\"lazy\" decoding=\"async\" class=\"alignleft size-full wp-image-11924\" src=\"https:\/\/reyma-mobiliario.com\/wp-content\/uploads\/2020\/01\/lugano-c4-sillon-1.jpg\" alt=\"Dimensions fauteuil Lugano C-4 REYMA\" width=\"120\" height=\"120\" \/> --><\/p>\n","protected":false},"featured_media":23114,"template":"","meta":[],"product_brand":[],"product_cat":[1124,1114],"product_tag":[1362,1169,1262],"class_list":{"0":"post-23421","1":"product","2":"type-product","3":"status-publish","4":"has-post-thumbnail","6":"product_cat-fauteuils-dinterieur-fr","7":"product_cat-interieur","8":"product_tag-fauteuil","9":"product_tag-mobilier-interieur","10":"product_tag-serie-lugano-fr","12":"first","13":"instock","14":"shipping-taxable","15":"purchasable","16":"product-type-variable"},"aioseo_notices":[],"_links":{"self":[{"href":"https:\/\/reyma-mobiliario.com\/fr\/wp-json\/wp\/v2\/product\/23421","targetHints":{"allow":["GET"]}}],"collection":[{"href":"https:\/\/reyma-mobiliario.com\/fr\/wp-json\/wp\/v2\/product"}],"about":[{"href":"https:\/\/reyma-mobiliario.com\/fr\/wp-json\/wp\/v2\/types\/product"}],"wp:featuredmedia":[{"embeddable":true,"href":"https:\/\/reyma-mobiliario.com\/fr\/wp-json\/wp\/v2\/media\/23114"}],"wp:attachment":[{"href":"https:\/\/reyma-mobiliario.com\/fr\/wp-json\/wp\/v2\/media?parent=23421"}],"wp:term":[{"taxonomy":"product_brand","embeddable":true,"href":"https:\/\/reyma-mobiliario.com\/fr\/wp-json\/wp\/v2\/product_brand?post=23421"},{"taxonomy":"product_cat","embeddable":true,"href":"https:\/\/reyma-mobiliario.com\/fr\/wp-json\/wp\/v2\/product_cat?post=23421"},{"taxonomy":"product_tag","embeddable":true,"href":"https:\/\/reyma-mobiliario.com\/fr\/wp-json\/wp\/v2\/product_tag?post=23421"}],"curies":[{"name":"wp","href":"https:\/\/api.w.org\/{rel}","templated":true}]}}