{"id":23502,"date":"2021-01-08T10:00:41","date_gmt":"2022-07-12T05:14:43","guid":{"rendered":"https:\/\/reyma-mobiliario.com\/?post_type=product&#038;p=23502"},"modified":"2024-02-21T17:38:05","modified_gmt":"2024-02-21T16:38:05","slug":"fauteuil-davos","status":"publish","type":"product","link":"https:\/\/reyma-mobiliario.com\/fr\/productos\/fauteuil-davos\/","title":{"rendered":"Fauteuil Davos"},"content":{"rendered":"<p>Fauteuil confortable et robuste pour un usage int\u00e9rieur. Fabriqu\u00e9 avec un pied en acier et recouvert de diff\u00e9rentes couleurs.<\/p>\n","protected":false},"excerpt":{"rendered":"<p><strong> Poids <\/strong>:<br \/>\nC-4: 10,60 kg<br \/>\nM.U-4: 10,00 Kg<\/p>\n<p><strong> Mat\u00e9riaux <\/strong>:<br \/>\nP.U rembourr\u00e9: indiana, panama, bleu, gris, vert, santal ou moutarde.<br \/>\nPied C-4 ou M.U-4 en acier peint noir.<\/p>\n<p><strong>Assemblage\u00a0:<\/strong><br \/>\nBesoin d&rsquo;assemblage.<br \/>\nCarter + Pied<\/p>\n<p><strong>Dimensions<\/strong>:<br \/>\n<img loading=\"lazy\" decoding=\"async\" class=\"alignleft size-full wp-image-11924\" src=\"https:\/\/reyma-mobiliario.com\/wp-content\/uploads\/2020\/01\/davos-sillon.jpg\" alt=\"Medidas sillon davos REYMA\" width=\"120\" height=\"120\" \/><img loading=\"lazy\" decoding=\"async\" class=\"alignleft size-full wp-image-11924\" src=\"https:\/\/reyma-mobiliario.com\/wp-content\/uploads\/2022\/06\/davos-sillon-mu4.jpg\" alt=\"Medidas sillon davos MU4 REYMA\" width=\"120\" height=\"120\" \/><\/p>\n","protected":false},"featured_media":11929,"template":"","meta":[],"product_brand":[],"product_cat":[1124,1114],"product_tag":[1362,1349,1169,1174,1230],"class_list":{"0":"post-23502","1":"product","2":"type-product","3":"status-publish","4":"has-post-thumbnail","6":"product_cat-fauteuils-dinterieur-fr","7":"product_cat-interieur","8":"product_tag-fauteuil","9":"product_tag-fauteuils","10":"product_tag-mobilier-interieur","11":"product_tag-nouvelles-2020","12":"product_tag-serie-davos-fr","14":"first","15":"instock","16":"shipping-taxable","17":"purchasable","18":"product-type-variable"},"aioseo_notices":[],"_links":{"self":[{"href":"https:\/\/reyma-mobiliario.com\/fr\/wp-json\/wp\/v2\/product\/23502","targetHints":{"allow":["GET"]}}],"collection":[{"href":"https:\/\/reyma-mobiliario.com\/fr\/wp-json\/wp\/v2\/product"}],"about":[{"href":"https:\/\/reyma-mobiliario.com\/fr\/wp-json\/wp\/v2\/types\/product"}],"wp:featuredmedia":[{"embeddable":true,"href":"https:\/\/reyma-mobiliario.com\/fr\/wp-json\/wp\/v2\/media\/11929"}],"wp:attachment":[{"href":"https:\/\/reyma-mobiliario.com\/fr\/wp-json\/wp\/v2\/media?parent=23502"}],"wp:term":[{"taxonomy":"product_brand","embeddable":true,"href":"https:\/\/reyma-mobiliario.com\/fr\/wp-json\/wp\/v2\/product_brand?post=23502"},{"taxonomy":"product_cat","embeddable":true,"href":"https:\/\/reyma-mobiliario.com\/fr\/wp-json\/wp\/v2\/product_cat?post=23502"},{"taxonomy":"product_tag","embeddable":true,"href":"https:\/\/reyma-mobiliario.com\/fr\/wp-json\/wp\/v2\/product_tag?post=23502"}],"curies":[{"name":"wp","href":"https:\/\/api.w.org\/{rel}","templated":true}]}}