{"id":23696,"date":"2016-06-13T10:00:59","date_gmt":"2022-09-29T06:10:59","guid":{"rendered":"https:\/\/reyma-mobiliario.com\/?post_type=product&#038;p=23696"},"modified":"2025-03-14T10:07:40","modified_gmt":"2025-03-14T09:07:40","slug":"chaise-palais","status":"publish","type":"product","link":"https:\/\/reyma-mobiliario.com\/fr\/productos\/chaise-palais\/","title":{"rendered":"Chaise Palais"},"content":{"rendered":"<p>Chaise de style hawa\u00efen en aluminium adapt\u00e9e \u00e0 une utilisation int\u00e9rieure et ext\u00e9rieure.<\/p>\n","protected":false},"excerpt":{"rendered":"<p><strong>Poids : <\/strong><br \/>\nMoelle : 3,55 Kg<br \/>\nTextil\u00e8ne : 3,40 Kg<\/p>\n<p><strong>Mat\u00e9riaux : <\/strong><br \/>\nStructure en aluminium peint en d\u00e9co bambou.<br \/>\nSi\u00e8ge en osier atlas, textil\u00e8ne latte ou textil\u00e8ne noir.<\/p>\n<p><strong>Empilable.<\/strong><\/p>\n<p><strong>Dimensions<\/strong> :<br \/>\n<img loading=\"lazy\" decoding=\"async\" class=\"alignnone size-full wp-image-11924\" src=\"https:\/\/reyma-mobiliario.com\/wp-content\/uploads\/2025\/03\/2025-palais-silla.jpg\" alt=\"Dimensions chaise Palais REYMA\" width=\"120\" height=\"120\" \/><\/p>\n","protected":false},"featured_media":23860,"template":"","meta":[],"product_brand":[],"product_cat":[1111,1106],"product_tag":[1168,1797,1846],"class_list":{"0":"post-23696","1":"product","2":"type-product","3":"status-publish","4":"has-post-thumbnail","6":"product_cat-chaises-dexterieur","7":"product_cat-exterieur","8":"product_tag-mobilier-dexterieur","9":"product_tag-nouveautes-2022","10":"product_tag-serie-palais-fr","12":"first","13":"instock","14":"shipping-taxable","15":"purchasable","16":"product-type-variable"},"aioseo_notices":[],"_links":{"self":[{"href":"https:\/\/reyma-mobiliario.com\/fr\/wp-json\/wp\/v2\/product\/23696","targetHints":{"allow":["GET"]}}],"collection":[{"href":"https:\/\/reyma-mobiliario.com\/fr\/wp-json\/wp\/v2\/product"}],"about":[{"href":"https:\/\/reyma-mobiliario.com\/fr\/wp-json\/wp\/v2\/types\/product"}],"wp:featuredmedia":[{"embeddable":true,"href":"https:\/\/reyma-mobiliario.com\/fr\/wp-json\/wp\/v2\/media\/23860"}],"wp:attachment":[{"href":"https:\/\/reyma-mobiliario.com\/fr\/wp-json\/wp\/v2\/media?parent=23696"}],"wp:term":[{"taxonomy":"product_brand","embeddable":true,"href":"https:\/\/reyma-mobiliario.com\/fr\/wp-json\/wp\/v2\/product_brand?post=23696"},{"taxonomy":"product_cat","embeddable":true,"href":"https:\/\/reyma-mobiliario.com\/fr\/wp-json\/wp\/v2\/product_cat?post=23696"},{"taxonomy":"product_tag","embeddable":true,"href":"https:\/\/reyma-mobiliario.com\/fr\/wp-json\/wp\/v2\/product_tag?post=23696"}],"curies":[{"name":"wp","href":"https:\/\/api.w.org\/{rel}","templated":true}]}}