{"id":23762,"date":"2020-10-03T10:00:34","date_gmt":"2022-10-03T11:45:35","guid":{"rendered":"https:\/\/reyma-mobiliario.com\/?post_type=product&#038;p=23762"},"modified":"2025-03-13T15:50:45","modified_gmt":"2025-03-13T14:50:45","slug":"fauteuil-brunch","status":"publish","type":"product","link":"https:\/\/reyma-mobiliario.com\/fr\/productos\/fauteuil-brunch\/","title":{"rendered":"Fauteuil Brunch"},"content":{"rendered":"<p>Fauteuil de style tropical en aluminium adapt\u00e9 \u00e0 une utilisation ext\u00e9rieure et int\u00e9rieure. Sa conception le rend empilable.<\/p>\n","protected":false},"excerpt":{"rendered":"<p><strong>Poids<\/strong>\u00a0: 3,00\u00a0kg<\/p>\n<p><strong>Mat\u00e9riaux<\/strong>\u00a0:<br \/>\nCadre en aluminium peint d\u00e9co-bambou.<br \/>\nSi\u00e8ge en corde Creme.<\/p>\n<p>Cadre en aluminium peint en graphite<br \/>\nAssise en corde gris.<\/p>\n<p>Cadre en aluminium peint en blanc<br \/>\nassisse en corde blanc<\/p>\n<p><strong>Dimensions<\/strong>\u00a0:<br \/>\n<img decoding=\"async\" class=\"alignnone size-full wp-image-11924\" src=\"https:\/\/reyma-mobiliario.com\/wp-content\/uploads\/2025\/03\/2025-brunch-sillon.jpg\" alt=\"Dimensions du fauteuil brunch REYMA\" \/><\/p>\n","protected":false},"featured_media":23771,"template":"","meta":[],"product_brand":[],"product_cat":[1106,1112],"product_tag":[1361,1797,1852],"class_list":{"0":"post-23762","1":"product","2":"type-product","3":"status-publish","4":"has-post-thumbnail","6":"product_cat-exterieur","7":"product_cat-fauteuils-dexterieur","8":"product_tag-fauteuils-dexterieur","9":"product_tag-nouveautes-2022","10":"product_tag-serie-brunch-fr","12":"first","13":"instock","14":"shipping-taxable","15":"purchasable","16":"product-type-variable"},"aioseo_notices":[],"_links":{"self":[{"href":"https:\/\/reyma-mobiliario.com\/fr\/wp-json\/wp\/v2\/product\/23762","targetHints":{"allow":["GET"]}}],"collection":[{"href":"https:\/\/reyma-mobiliario.com\/fr\/wp-json\/wp\/v2\/product"}],"about":[{"href":"https:\/\/reyma-mobiliario.com\/fr\/wp-json\/wp\/v2\/types\/product"}],"wp:featuredmedia":[{"embeddable":true,"href":"https:\/\/reyma-mobiliario.com\/fr\/wp-json\/wp\/v2\/media\/23771"}],"wp:attachment":[{"href":"https:\/\/reyma-mobiliario.com\/fr\/wp-json\/wp\/v2\/media?parent=23762"}],"wp:term":[{"taxonomy":"product_brand","embeddable":true,"href":"https:\/\/reyma-mobiliario.com\/fr\/wp-json\/wp\/v2\/product_brand?post=23762"},{"taxonomy":"product_cat","embeddable":true,"href":"https:\/\/reyma-mobiliario.com\/fr\/wp-json\/wp\/v2\/product_cat?post=23762"},{"taxonomy":"product_tag","embeddable":true,"href":"https:\/\/reyma-mobiliario.com\/fr\/wp-json\/wp\/v2\/product_tag?post=23762"}],"curies":[{"name":"wp","href":"https:\/\/api.w.org\/{rel}","templated":true}]}}