{"id":23976,"date":"2021-12-30T10:00:59","date_gmt":"2022-10-11T14:34:01","guid":{"rendered":"https:\/\/reyma-mobiliario.com\/?post_type=product&#038;p=23976"},"modified":"2025-03-13T13:01:56","modified_gmt":"2025-03-13T12:01:56","slug":"fauteuil-filipinas-textilene-duo","status":"publish","type":"product","link":"https:\/\/reyma-mobiliario.com\/fr\/productos\/fauteuil-filipinas-textilene-duo\/","title":{"rendered":"Fauteuil Filipinas Textilene DUO"},"content":{"rendered":"<p>Fauteuil empilable robuste pour l&rsquo;ext\u00e9rieur. Nouvelle combinaison textil\u00e8ne DUO.<\/p>\n","protected":false},"excerpt":{"rendered":"<p><strong>Poids\u00a0:<\/strong> 3,55 Kg<\/p>\n<p><strong>Mat\u00e9riaux\u00a0:<\/strong><br \/>\nStructure en aluminium peint en bambou d\u00e9co<br \/>\nAssise et dossier textil\u00e8ne DUO bleu et blanc, noir et cr\u00e8me, vert et cr\u00e8me, rouge et cr\u00e8me.<\/p>\n<p><strong>Dimensions<\/strong>\u00a0:<br \/>\n<img decoding=\"async\" class=\"alignnone size-full wp-image-11924\" src=\"https:\/\/reyma-mobiliario.com\/wp-content\/uploads\/2025\/03\/2025-filipinas-sillon.jpg\" alt=\"Dimensions chaise Philippines REYMA\" \/><\/p>\n","protected":false},"featured_media":23986,"template":"","meta":[],"product_brand":[],"product_cat":[1106,1112],"product_tag":[1361,1168,1797,1238,1358],"class_list":{"0":"post-23976","1":"product","2":"type-product","3":"status-publish","4":"has-post-thumbnail","6":"product_cat-exterieur","7":"product_cat-fauteuils-dexterieur","8":"product_tag-fauteuils-dexterieur","9":"product_tag-mobilier-dexterieur","10":"product_tag-nouveautes-2022","11":"product_tag-serie-filipinas-fr","12":"product_tag-textilene-fr","14":"first","15":"instock","16":"shipping-taxable","17":"purchasable","18":"product-type-variable"},"aioseo_notices":[],"_links":{"self":[{"href":"https:\/\/reyma-mobiliario.com\/fr\/wp-json\/wp\/v2\/product\/23976","targetHints":{"allow":["GET"]}}],"collection":[{"href":"https:\/\/reyma-mobiliario.com\/fr\/wp-json\/wp\/v2\/product"}],"about":[{"href":"https:\/\/reyma-mobiliario.com\/fr\/wp-json\/wp\/v2\/types\/product"}],"wp:featuredmedia":[{"embeddable":true,"href":"https:\/\/reyma-mobiliario.com\/fr\/wp-json\/wp\/v2\/media\/23986"}],"wp:attachment":[{"href":"https:\/\/reyma-mobiliario.com\/fr\/wp-json\/wp\/v2\/media?parent=23976"}],"wp:term":[{"taxonomy":"product_brand","embeddable":true,"href":"https:\/\/reyma-mobiliario.com\/fr\/wp-json\/wp\/v2\/product_brand?post=23976"},{"taxonomy":"product_cat","embeddable":true,"href":"https:\/\/reyma-mobiliario.com\/fr\/wp-json\/wp\/v2\/product_cat?post=23976"},{"taxonomy":"product_tag","embeddable":true,"href":"https:\/\/reyma-mobiliario.com\/fr\/wp-json\/wp\/v2\/product_tag?post=23976"}],"curies":[{"name":"wp","href":"https:\/\/api.w.org\/{rel}","templated":true}]}}