{"id":24182,"date":"2022-10-17T10:00:58","date_gmt":"2022-10-17T10:38:58","guid":{"rendered":"https:\/\/reyma-mobiliario.com\/?post_type=product&#038;p=24182"},"modified":"2022-10-17T16:41:25","modified_gmt":"2022-10-17T14:41:25","slug":"base-alaska","status":"publish","type":"product","link":"https:\/\/reyma-mobiliario.com\/fr\/productos\/base-alaska\/","title":{"rendered":"Base Alaska"},"content":{"rendered":"<p>Base de table en acier. Grande capacit\u00e9 de support avec des plateaux de diff\u00e9rents mat\u00e9riaux et tailles.<\/p>\n","protected":false},"excerpt":{"rendered":"<p><strong>Mat\u00e9riel\u00a0:<\/strong> Acier<\/p>\n<p><strong>Couleurs disponibles\u00a0:<\/strong> Noir ou Blanc<\/p>\n<p><strong>Base\u00a0:<\/strong><br \/>\nTaille unique 60&#215;60<\/p>\n<p><strong>Hauteurs des colonnes\u00a0:<\/strong><br \/>\nExiste en 72 cm, avec plateau il peut atteindre 75cm<\/p>\n<p><strong>Poids\u00a0:<\/strong><br \/>\n6.35Kg<\/p>\n","protected":false},"featured_media":24199,"template":"","meta":[],"product_brand":[],"product_cat":[1647],"product_tag":[1650,1184],"class_list":{"0":"post-24182","1":"product","2":"type-product","3":"status-publish","4":"has-post-thumbnail","6":"product_cat-pieds-de-table","7":"product_tag-base-table","8":"product_tag-serie-alaska-fr","10":"first","11":"instock","12":"shipping-taxable","13":"purchasable","14":"product-type-variable"},"aioseo_notices":[],"_links":{"self":[{"href":"https:\/\/reyma-mobiliario.com\/fr\/wp-json\/wp\/v2\/product\/24182","targetHints":{"allow":["GET"]}}],"collection":[{"href":"https:\/\/reyma-mobiliario.com\/fr\/wp-json\/wp\/v2\/product"}],"about":[{"href":"https:\/\/reyma-mobiliario.com\/fr\/wp-json\/wp\/v2\/types\/product"}],"wp:featuredmedia":[{"embeddable":true,"href":"https:\/\/reyma-mobiliario.com\/fr\/wp-json\/wp\/v2\/media\/24199"}],"wp:attachment":[{"href":"https:\/\/reyma-mobiliario.com\/fr\/wp-json\/wp\/v2\/media?parent=24182"}],"wp:term":[{"taxonomy":"product_brand","embeddable":true,"href":"https:\/\/reyma-mobiliario.com\/fr\/wp-json\/wp\/v2\/product_brand?post=24182"},{"taxonomy":"product_cat","embeddable":true,"href":"https:\/\/reyma-mobiliario.com\/fr\/wp-json\/wp\/v2\/product_cat?post=24182"},{"taxonomy":"product_tag","embeddable":true,"href":"https:\/\/reyma-mobiliario.com\/fr\/wp-json\/wp\/v2\/product_tag?post=24182"}],"curies":[{"name":"wp","href":"https:\/\/api.w.org\/{rel}","templated":true}]}}