{"id":24302,"date":"2022-10-14T10:00:40","date_gmt":"2022-10-18T07:54:40","guid":{"rendered":"https:\/\/reyma-mobiliario.com\/?post_type=product&#038;p=24302"},"modified":"2022-12-15T09:19:28","modified_gmt":"2022-12-15T08:19:28","slug":"base-oslo-alumium-rectangulaire","status":"publish","type":"product","link":"https:\/\/reyma-mobiliario.com\/fr\/productos\/base-oslo-alumium-rectangulaire\/","title":{"rendered":"Base Oslo Alumium Rectangulaire"},"content":{"rendered":"<p>Pied de table en aluminium pour planches d\u00e9coup\u00e9es rectangulaires. Convient pour une utilisation ext\u00e9rieure et int\u00e9rieure.<\/p>\n","protected":false},"excerpt":{"rendered":"<p><strong>Mat\u00e9riau\u00a0:<\/strong> aluminium.<\/p>\n<p><strong>Couleurs disponibles\u00a0:<\/strong> Noir, gris ou graphite<\/p>\n<p><strong>Base\u00a0:<\/strong><br \/>\nbase avec possibilit\u00e9 de syst\u00e8me de pliage.<\/p>\n<p><strong>Hauteurs des colonnes\u00a0:<\/strong><br \/>\nExiste en 72 cm, avec plateau il peut atteindre 75cm<\/p>\n<p><strong>Poids\u00a0:<\/strong><br \/>\npied rectangulaire : 5,65 Kg<br \/>\navec syst\u00e8me de pliage : 7,10 Kg<\/p>\n","protected":false},"featured_media":24553,"template":"","meta":[],"product_brand":[],"product_cat":[1647],"product_tag":[1650,1295],"class_list":{"0":"post-24302","1":"product","2":"type-product","3":"status-publish","4":"has-post-thumbnail","6":"product_cat-pieds-de-table","7":"product_tag-base-table","8":"product_tag-serie-oslo-fr","10":"first","11":"instock","12":"shipping-taxable","13":"product-type-simple"},"aioseo_notices":[],"_links":{"self":[{"href":"https:\/\/reyma-mobiliario.com\/fr\/wp-json\/wp\/v2\/product\/24302","targetHints":{"allow":["GET"]}}],"collection":[{"href":"https:\/\/reyma-mobiliario.com\/fr\/wp-json\/wp\/v2\/product"}],"about":[{"href":"https:\/\/reyma-mobiliario.com\/fr\/wp-json\/wp\/v2\/types\/product"}],"wp:featuredmedia":[{"embeddable":true,"href":"https:\/\/reyma-mobiliario.com\/fr\/wp-json\/wp\/v2\/media\/24553"}],"wp:attachment":[{"href":"https:\/\/reyma-mobiliario.com\/fr\/wp-json\/wp\/v2\/media?parent=24302"}],"wp:term":[{"taxonomy":"product_brand","embeddable":true,"href":"https:\/\/reyma-mobiliario.com\/fr\/wp-json\/wp\/v2\/product_brand?post=24302"},{"taxonomy":"product_cat","embeddable":true,"href":"https:\/\/reyma-mobiliario.com\/fr\/wp-json\/wp\/v2\/product_cat?post=24302"},{"taxonomy":"product_tag","embeddable":true,"href":"https:\/\/reyma-mobiliario.com\/fr\/wp-json\/wp\/v2\/product_tag?post=24302"}],"curies":[{"name":"wp","href":"https:\/\/api.w.org\/{rel}","templated":true}]}}