{"id":24387,"date":"2024-01-19T10:00:23","date_gmt":"2022-11-14T15:39:24","guid":{"rendered":"https:\/\/reyma-mobiliario.com\/?post_type=product&#038;p=24387"},"modified":"2025-03-04T13:22:58","modified_gmt":"2025-03-04T12:22:58","slug":"fauteuil-alsacia","status":"publish","type":"product","link":"https:\/\/reyma-mobiliario.com\/fr\/productos\/fauteuil-alsacia\/","title":{"rendered":"Fauteuil Alsacia"},"content":{"rendered":"<p>Fauteuil rembourr\u00e9 confortable et robuste pour une utilisation en int\u00e9rieur. Fabriqu\u00e9 avec un pied en acier peint en noir.<\/p>\n","protected":false},"excerpt":{"rendered":"<p><strong>Poids<\/strong>\u00a0: 9,50\u00a0kg<\/p>\n<p><strong>Mat\u00e9riaux<\/strong>\u00a0:<br \/>\nRev\u00eatement P.U : indiana, panama, bleu, gris, santal ou moutarde.<br \/>\nBase en acier peint en noir.<\/p>\n<p><strong>Assemblage\u00a0:<\/strong><br \/>\nBesoin d&rsquo;assemblage.<br \/>\nCarter + Pied<\/p>\n<p><strong>Dimensions<\/strong>\u00a0:<br \/>\n<img loading=\"lazy\" decoding=\"async\" class=\"alignleft size-full wp-image-11924\" src=\"https:\/\/reyma-mobiliario.com\/wp-content\/uploads\/2022\/11\/alsacia-sillon.jpg\" alt=\"Mesures du fauteuil Alsacia REYMA\" width=\"120\" height=\"120\" \/><\/p>\n","protected":false},"featured_media":24701,"template":"","meta":[],"product_brand":[],"product_cat":[1124,1114],"product_tag":[1362,1349,1169,1868,1870],"class_list":{"0":"post-24387","1":"product","2":"type-product","3":"status-publish","4":"has-post-thumbnail","6":"product_cat-fauteuils-dinterieur-fr","7":"product_cat-interieur","8":"product_tag-fauteuil","9":"product_tag-fauteuils","10":"product_tag-mobilier-interieur","11":"product_tag-nouvelle-2023","12":"product_tag-serie-alsacia-fr","14":"first","15":"instock","16":"shipping-taxable","17":"purchasable","18":"product-type-variable"},"aioseo_notices":[],"_links":{"self":[{"href":"https:\/\/reyma-mobiliario.com\/fr\/wp-json\/wp\/v2\/product\/24387","targetHints":{"allow":["GET"]}}],"collection":[{"href":"https:\/\/reyma-mobiliario.com\/fr\/wp-json\/wp\/v2\/product"}],"about":[{"href":"https:\/\/reyma-mobiliario.com\/fr\/wp-json\/wp\/v2\/types\/product"}],"wp:featuredmedia":[{"embeddable":true,"href":"https:\/\/reyma-mobiliario.com\/fr\/wp-json\/wp\/v2\/media\/24701"}],"wp:attachment":[{"href":"https:\/\/reyma-mobiliario.com\/fr\/wp-json\/wp\/v2\/media?parent=24387"}],"wp:term":[{"taxonomy":"product_brand","embeddable":true,"href":"https:\/\/reyma-mobiliario.com\/fr\/wp-json\/wp\/v2\/product_brand?post=24387"},{"taxonomy":"product_cat","embeddable":true,"href":"https:\/\/reyma-mobiliario.com\/fr\/wp-json\/wp\/v2\/product_cat?post=24387"},{"taxonomy":"product_tag","embeddable":true,"href":"https:\/\/reyma-mobiliario.com\/fr\/wp-json\/wp\/v2\/product_tag?post=24387"}],"curies":[{"name":"wp","href":"https:\/\/api.w.org\/{rel}","templated":true}]}}