{"id":24620,"date":"2024-01-07T10:00:59","date_gmt":"2023-01-12T09:17:00","guid":{"rendered":"https:\/\/reyma-mobiliario.com\/?post_type=product&#038;p=24620"},"modified":"2025-03-04T17:54:47","modified_gmt":"2025-03-04T16:54:47","slug":"fauteuil-nara","status":"publish","type":"product","link":"https:\/\/reyma-mobiliario.com\/fr\/productos\/fauteuil-nara\/","title":{"rendered":"Fauteuil Nara"},"content":{"rendered":"<p>Fauteuil avec une touche orientale pour l&rsquo;int\u00e9rieur avec diff\u00e9rents rev\u00eatements. Ch\u00e2ssis en acier solide.<\/p>\n","protected":false},"excerpt":{"rendered":"<p><strong>Poids\u00a0: <\/strong>7,65\u00a0kg<\/p>\n<p><strong>Mat\u00e9riaux\u00a0: <\/strong><br \/>\nStructure en acier peint en noir avec assise et dossier rembourr\u00e9s en bois de santal, gris, moutarde, indiana, panama ou bleu.<\/p>\n<p><strong>Dimensions<\/strong>:<br \/>\n<img loading=\"lazy\" decoding=\"async\" class=\"alignnone size-full wp-image-11924\" src=\"https:\/\/reyma-mobiliario.com\/wp-content\/uploads\/2020\/01\/osaka-sillon-2.jpg\" alt=\"Dimensions fauteuil Nara REYMA\" width=\"120\" height=\"120\" \/><\/p>\n","protected":false},"featured_media":24632,"template":"","meta":[],"product_brand":[],"product_cat":[1124,1114],"product_tag":[1868,1886],"class_list":{"0":"post-24620","1":"product","2":"type-product","3":"status-publish","4":"has-post-thumbnail","6":"product_cat-fauteuils-dinterieur-fr","7":"product_cat-interieur","8":"product_tag-nouvelle-2023","9":"product_tag-serie-nara-fr","11":"first","12":"instock","13":"shipping-taxable","14":"purchasable","15":"product-type-variable"},"aioseo_notices":[],"_links":{"self":[{"href":"https:\/\/reyma-mobiliario.com\/fr\/wp-json\/wp\/v2\/product\/24620","targetHints":{"allow":["GET"]}}],"collection":[{"href":"https:\/\/reyma-mobiliario.com\/fr\/wp-json\/wp\/v2\/product"}],"about":[{"href":"https:\/\/reyma-mobiliario.com\/fr\/wp-json\/wp\/v2\/types\/product"}],"wp:featuredmedia":[{"embeddable":true,"href":"https:\/\/reyma-mobiliario.com\/fr\/wp-json\/wp\/v2\/media\/24632"}],"wp:attachment":[{"href":"https:\/\/reyma-mobiliario.com\/fr\/wp-json\/wp\/v2\/media?parent=24620"}],"wp:term":[{"taxonomy":"product_brand","embeddable":true,"href":"https:\/\/reyma-mobiliario.com\/fr\/wp-json\/wp\/v2\/product_brand?post=24620"},{"taxonomy":"product_cat","embeddable":true,"href":"https:\/\/reyma-mobiliario.com\/fr\/wp-json\/wp\/v2\/product_cat?post=24620"},{"taxonomy":"product_tag","embeddable":true,"href":"https:\/\/reyma-mobiliario.com\/fr\/wp-json\/wp\/v2\/product_tag?post=24620"}],"curies":[{"name":"wp","href":"https:\/\/api.w.org\/{rel}","templated":true}]}}