{"id":24877,"date":"2023-02-14T10:00:22","date_gmt":"2023-02-14T09:00:22","guid":{"rendered":"https:\/\/reyma-mobiliario.com\/?post_type=product&#038;p=24877"},"modified":"2026-03-19T08:37:23","modified_gmt":"2026-03-19T07:37:23","slug":"melamine-finsa-orme","status":"publish","type":"product","link":"https:\/\/reyma-mobiliario.com\/fr\/productos\/melamine-finsa-orme\/","title":{"rendered":"M\u00e9lamine FINSA: Orme"},"content":{"rendered":"<p>&nbsp;<\/p>\n<div><\/div>\n<div><\/div>\n<div><\/div>\n<div><\/div>\n<div><\/div>\n","protected":false},"excerpt":{"rendered":"<p><strong>Fabricant:<\/strong> Finsa<\/p>\n<p>M\u00e9lamine \u00e9paisse 38mm.<\/p>\n<p><strong> Tailles disponibles: <\/strong><br \/>\n\u00d860, \u00d870, \u00d880, \u00d890<br \/>\n60 \u00d7 60, 70 \u00d7 70, 80 \u00d7 80, 90 \u00d7 90<br \/>\n110 \u00d7 70, 120 \u00d7 80<\/p>\n<p>Autres mesures, consulter.<\/p>\n<div><\/div>\n<div><\/div>\n<div><\/div>\n<div><\/div>\n<div><\/div>\n","protected":false},"featured_media":27700,"template":"","meta":[],"product_brand":[],"product_cat":[1135,1133],"product_tag":[1352,1354],"class_list":{"0":"post-24877","1":"product","2":"type-product","3":"status-publish","4":"has-post-thumbnail","6":"product_cat-melamine-fr","7":"product_cat-plateaux","8":"product_tag-plateaux-finsa","9":"product_tag-plateaux-melamine","11":"first","12":"instock","13":"shipping-taxable","14":"product-type-simple"},"aioseo_notices":[],"_links":{"self":[{"href":"https:\/\/reyma-mobiliario.com\/fr\/wp-json\/wp\/v2\/product\/24877","targetHints":{"allow":["GET"]}}],"collection":[{"href":"https:\/\/reyma-mobiliario.com\/fr\/wp-json\/wp\/v2\/product"}],"about":[{"href":"https:\/\/reyma-mobiliario.com\/fr\/wp-json\/wp\/v2\/types\/product"}],"wp:featuredmedia":[{"embeddable":true,"href":"https:\/\/reyma-mobiliario.com\/fr\/wp-json\/wp\/v2\/media\/27700"}],"wp:attachment":[{"href":"https:\/\/reyma-mobiliario.com\/fr\/wp-json\/wp\/v2\/media?parent=24877"}],"wp:term":[{"taxonomy":"product_brand","embeddable":true,"href":"https:\/\/reyma-mobiliario.com\/fr\/wp-json\/wp\/v2\/product_brand?post=24877"},{"taxonomy":"product_cat","embeddable":true,"href":"https:\/\/reyma-mobiliario.com\/fr\/wp-json\/wp\/v2\/product_cat?post=24877"},{"taxonomy":"product_tag","embeddable":true,"href":"https:\/\/reyma-mobiliario.com\/fr\/wp-json\/wp\/v2\/product_tag?post=24877"}],"curies":[{"name":"wp","href":"https:\/\/api.w.org\/{rel}","templated":true}]}}