{"id":24922,"date":"2024-01-22T10:00:39","date_gmt":"2023-01-30T11:18:40","guid":{"rendered":"https:\/\/reyma-mobiliario.com\/?post_type=product&#038;p=24922"},"modified":"2025-03-04T11:25:21","modified_gmt":"2025-03-04T10:25:21","slug":"table-mauricio","status":"publish","type":"product","link":"https:\/\/reyma-mobiliario.com\/fr\/productos\/table-mauricio\/","title":{"rendered":"Table Mauricio IN"},"content":{"rendered":"<p>Table en aluminium con\u00e7ue pour une utilisation en ext\u00e9rieur ou en int\u00e9rieur. Avec un design aux lignes simples adapt\u00e9es \u00e0 diff\u00e9rents types de plateaux.<\/p>\n","protected":false},"excerpt":{"rendered":"<p><strong>Hauteur\u00a0:<\/strong> 75 cm<\/p>\n<p><strong>Mat\u00e9riaux<\/strong>\u00a0:<br \/>\nPied en aluminium peint noir, d\u00e9co bambou blanc ou ch\u00eane naturel.<br \/>\nSocle 4 points 55x55cm<\/p>\n<p>Plateaux Finition: Werzalit, Compact et M\u00e9lamine*.<\/p>\n<p>*M\u00e9lamine pour usage int\u00e9rieur seulement.<\/p>\n<p><strong>Mesures de table\u00a0:<\/strong><br \/>\n70\u00d8, 80\u00d8, 120\u00d8<br \/>\n60&#215;60, 70&#215;70, 80&#215;80 et 90&#215;90<\/p>\n","protected":false},"featured_media":28170,"template":"","meta":[],"product_brand":[],"product_cat":[1114,1119],"product_tag":[1144,1169,1902,1166],"class_list":{"0":"post-24922","1":"product","2":"type-product","3":"status-publish","4":"has-post-thumbnail","6":"product_cat-interieur","7":"product_cat-tables-dinterieur","8":"product_tag-aluminium","9":"product_tag-mobilier-interieur","10":"product_tag-serie-mauricio-fr","11":"product_tag-tables-fr","13":"first","14":"instock","15":"shipping-taxable","16":"purchasable","17":"product-type-variable"},"aioseo_notices":[],"_links":{"self":[{"href":"https:\/\/reyma-mobiliario.com\/fr\/wp-json\/wp\/v2\/product\/24922","targetHints":{"allow":["GET"]}}],"collection":[{"href":"https:\/\/reyma-mobiliario.com\/fr\/wp-json\/wp\/v2\/product"}],"about":[{"href":"https:\/\/reyma-mobiliario.com\/fr\/wp-json\/wp\/v2\/types\/product"}],"wp:featuredmedia":[{"embeddable":true,"href":"https:\/\/reyma-mobiliario.com\/fr\/wp-json\/wp\/v2\/media\/28170"}],"wp:attachment":[{"href":"https:\/\/reyma-mobiliario.com\/fr\/wp-json\/wp\/v2\/media?parent=24922"}],"wp:term":[{"taxonomy":"product_brand","embeddable":true,"href":"https:\/\/reyma-mobiliario.com\/fr\/wp-json\/wp\/v2\/product_brand?post=24922"},{"taxonomy":"product_cat","embeddable":true,"href":"https:\/\/reyma-mobiliario.com\/fr\/wp-json\/wp\/v2\/product_cat?post=24922"},{"taxonomy":"product_tag","embeddable":true,"href":"https:\/\/reyma-mobiliario.com\/fr\/wp-json\/wp\/v2\/product_tag?post=24922"}],"curies":[{"name":"wp","href":"https:\/\/api.w.org\/{rel}","templated":true}]}}