{"id":24956,"date":"2021-12-30T10:00:22","date_gmt":"2023-01-30T11:43:23","guid":{"rendered":"https:\/\/reyma-mobiliario.com\/?post_type=product&#038;p=24956"},"modified":"2024-09-10T08:45:21","modified_gmt":"2024-09-10T06:45:21","slug":"table-mauricio-rectangular-in","status":"publish","type":"product","link":"https:\/\/reyma-mobiliario.com\/fr\/productos\/table-mauricio-rectangular-in\/","title":{"rendered":"Table Mauricio Rectangular IN"},"content":{"rendered":"<p>Table en aluminium con\u00e7ue pour l&rsquo;ext\u00e9rieur ou l&rsquo;int\u00e9rieur avec un design rectangulaire pour diff\u00e9rents types de plateaux.<\/p>\n","protected":false},"excerpt":{"rendered":"<p><strong>Hauteur\u00a0:<\/strong> 75\u00a0cm<\/p>\n<p><strong>Mat\u00e9riaux<\/strong>\u00a0:<br \/>\nPied en aluminium peint noir, d\u00e9co bambou blanc ou ch\u00eane naturel.<br \/>\nSocle \u00e0 4 pointes de 105x65cm<\/p>\n<p>Plateaux Finition Werzalit, Compact et M\u00e9lamine*.<\/p>\n<p>*M\u00e9lamine pour usage int\u00e9rieur seulement.<\/p>\n<p><strong>Mesures de table\u00a0:<\/strong><br \/>\n110&#215;70 et 120&#215;80<\/p>\n","protected":false},"featured_media":24949,"template":"","meta":[],"product_brand":[],"product_cat":[1114,1119],"product_tag":[1144,1168,1169,1902,1166],"class_list":{"0":"post-24956","1":"product","2":"type-product","3":"status-publish","4":"has-post-thumbnail","6":"product_cat-interieur","7":"product_cat-tables-dinterieur","8":"product_tag-aluminium","9":"product_tag-mobilier-dexterieur","10":"product_tag-mobilier-interieur","11":"product_tag-serie-mauricio-fr","12":"product_tag-tables-fr","14":"first","15":"instock","16":"shipping-taxable","17":"purchasable","18":"product-type-variable"},"aioseo_notices":[],"_links":{"self":[{"href":"https:\/\/reyma-mobiliario.com\/fr\/wp-json\/wp\/v2\/product\/24956","targetHints":{"allow":["GET"]}}],"collection":[{"href":"https:\/\/reyma-mobiliario.com\/fr\/wp-json\/wp\/v2\/product"}],"about":[{"href":"https:\/\/reyma-mobiliario.com\/fr\/wp-json\/wp\/v2\/types\/product"}],"wp:featuredmedia":[{"embeddable":true,"href":"https:\/\/reyma-mobiliario.com\/fr\/wp-json\/wp\/v2\/media\/24949"}],"wp:attachment":[{"href":"https:\/\/reyma-mobiliario.com\/fr\/wp-json\/wp\/v2\/media?parent=24956"}],"wp:term":[{"taxonomy":"product_brand","embeddable":true,"href":"https:\/\/reyma-mobiliario.com\/fr\/wp-json\/wp\/v2\/product_brand?post=24956"},{"taxonomy":"product_cat","embeddable":true,"href":"https:\/\/reyma-mobiliario.com\/fr\/wp-json\/wp\/v2\/product_cat?post=24956"},{"taxonomy":"product_tag","embeddable":true,"href":"https:\/\/reyma-mobiliario.com\/fr\/wp-json\/wp\/v2\/product_tag?post=24956"}],"curies":[{"name":"wp","href":"https:\/\/api.w.org\/{rel}","templated":true}]}}