{"id":25070,"date":"2022-01-03T10:00:48","date_gmt":"2023-02-01T08:34:51","guid":{"rendered":"https:\/\/reyma-mobiliario.com\/?post_type=product&#038;p=25070"},"modified":"2024-09-10T08:45:06","modified_gmt":"2024-09-10T06:45:06","slug":"table-eros-plus-in","status":"publish","type":"product","link":"https:\/\/reyma-mobiliario.com\/fr\/productos\/table-eros-plus-in\/","title":{"rendered":"Table Eros Plus IN"},"content":{"rendered":"<p>Table polyvalente disponible en structure en aluminium. Il int\u00e8gre un syst\u00e8me de r\u00e9glage de la hauteur qui est cach\u00e9 \u00e0 l&rsquo;int\u00e9rieur de la jambe.<\/p>\n","protected":false},"excerpt":{"rendered":"<p><strong>Hauteur\u00a0:<\/strong> 75\u00a0cm<\/p>\n<p><strong>Mat\u00e9riaux<\/strong>\u00a0:<br \/>\nStructure en aluminium verni blanc, noir ou graphite.<br \/>\navec r\u00e9gulateur de jambe cach\u00e9.<\/p>\n<p>Plateaux : Werzalit, Compact et M\u00e9lamine*.<\/p>\n<p>*M\u00e9lamine pour usage int\u00e9rieur seulement.<\/p>\n<p><strong>Mesures de table\u00a0:<\/strong><br \/>\n70&#215;70 uniquement pour plateau compact<br \/>\n80&#215;80 et 120&#215;80<\/p>\n","protected":false},"featured_media":25095,"template":"","meta":[],"product_brand":[],"product_cat":[1114,1119],"product_tag":[1144,1169,1904,1166],"class_list":{"0":"post-25070","1":"product","2":"type-product","3":"status-publish","4":"has-post-thumbnail","6":"product_cat-interieur","7":"product_cat-tables-dinterieur","8":"product_tag-aluminium","9":"product_tag-mobilier-interieur","10":"product_tag-serie-eros-plus-fr","11":"product_tag-tables-fr","13":"first","14":"instock","15":"shipping-taxable","16":"purchasable","17":"product-type-variable"},"aioseo_notices":[],"_links":{"self":[{"href":"https:\/\/reyma-mobiliario.com\/fr\/wp-json\/wp\/v2\/product\/25070","targetHints":{"allow":["GET"]}}],"collection":[{"href":"https:\/\/reyma-mobiliario.com\/fr\/wp-json\/wp\/v2\/product"}],"about":[{"href":"https:\/\/reyma-mobiliario.com\/fr\/wp-json\/wp\/v2\/types\/product"}],"wp:featuredmedia":[{"embeddable":true,"href":"https:\/\/reyma-mobiliario.com\/fr\/wp-json\/wp\/v2\/media\/25095"}],"wp:attachment":[{"href":"https:\/\/reyma-mobiliario.com\/fr\/wp-json\/wp\/v2\/media?parent=25070"}],"wp:term":[{"taxonomy":"product_brand","embeddable":true,"href":"https:\/\/reyma-mobiliario.com\/fr\/wp-json\/wp\/v2\/product_brand?post=25070"},{"taxonomy":"product_cat","embeddable":true,"href":"https:\/\/reyma-mobiliario.com\/fr\/wp-json\/wp\/v2\/product_cat?post=25070"},{"taxonomy":"product_tag","embeddable":true,"href":"https:\/\/reyma-mobiliario.com\/fr\/wp-json\/wp\/v2\/product_tag?post=25070"}],"curies":[{"name":"wp","href":"https:\/\/api.w.org\/{rel}","templated":true}]}}